{"id":323,"date":"2021-05-14T21:52:16","date_gmt":"2021-05-14T21:52:16","guid":{"rendered":"https:\/\/taliboot.com\/web\/?page_id=323"},"modified":"2021-07-29T15:40:03","modified_gmt":"2021-07-29T15:40:03","slug":"modo-de-utilizacion","status":"publish","type":"page","link":"https:\/\/taliboot.com\/web\/modo-de-utilizacion\/","title":{"rendered":"MODO DE UTILIZACI\u00d3N"},"content":{"rendered":"<p>[et_pb_section fb_built=\u00bb1&#8243; custom_padding_last_edited=\u00bbon|tablet\u00bb next_background_color=\u00bb#f4f4f4&#8243; admin_label=\u00bbHero\u00bb _builder_version=\u00bb4.9.4&#8243; use_background_color_gradient=\u00bbon\u00bb background_color_gradient_start=\u00bbrgba(1,77,183,0.9)\u00bb background_color_gradient_end=\u00bbrgba(255,255,255,0)\u00bb background_color_gradient_type=\u00bbradial\u00bb background_color_gradient_direction_radial=\u00bbtop right\u00bb background_color_gradient_start_position=\u00bb20%\u00bb background_color_gradient_overlays_image=\u00bbon\u00bb background_image=\u00bbhttps:\/\/taliboot.com\/web\/wp-content\/uploads\/2021\/05\/bota_ajustada_1-scaled.jpg\u00bb custom_padding=\u00bb110px|0px|160px|0px|false|false\u00bb custom_padding_tablet=\u00bb50px||50px||true\u00bb custom_padding_phone=\u00bb|||\u00bb bottom_divider_style=\u00bbasymmetric\u00bb bottom_divider_height=\u00bb50px\u00bb bottom_divider_flip=\u00bbhorizontal\u00bb bottom_divider_height_tablet=\u00bb90px\u00bb bottom_divider_height_phone=\u00bb80px\u00bb][et_pb_row column_structure=\u00bb2_5,3_5&#8243; _builder_version=\u00bb4.9.4&#8243; background_position=\u00bbcenter_left\u00bb custom_width_px=\u00bb1280px\u00bb][et_pb_column type=\u00bb2_5&#8243; _builder_version=\u00bb4.9.4&#8243; custom_padding=\u00bb|||\u00bb custom_padding__hover=\u00bb|||\u00bb][\/et_pb_column][et_pb_column type=\u00bb3_5&#8243; _builder_version=\u00bb4.9.4&#8243; custom_padding=\u00bb|||\u00bb custom_padding__hover=\u00bb|||\u00bb][et_pb_text _builder_version=\u00bb4.9.4&#8243; text_font=\u00bbMontserrat||||||||\u00bb text_text_color=\u00bbrgba(255,255,255,0.7)\u00bb text_font_size=\u00bb20px\u00bb text_line_height=\u00bb1.8em\u00bb header_font=\u00bbMontserrat|700|||||||\u00bb header_font_size=\u00bb44px\u00bb header_line_height=\u00bb1.4em\u00bb header_6_font=\u00bbMontserrat|600||on|||||\u00bb header_6_text_color=\u00bbrgba(255,255,255,0.7)\u00bb header_6_font_size=\u00bb16px\u00bb header_6_letter_spacing=\u00bb2px\u00bb header_6_line_height=\u00bb1.5em\u00bb background_layout=\u00bbdark\u00bb custom_padding=\u00bb41px||||false|false\u00bb text_font_size_tablet=\u00bb\u00bb text_font_size_phone=\u00bb15px\u00bb text_font_size_last_edited=\u00bbon|phone\u00bb header_font_size_tablet=\u00bb\u00bb header_font_size_phone=\u00bb28px\u00bb header_font_size_last_edited=\u00bbon|phone\u00bb]<\/p>\n<h1 style=\"text-align: center;\">MODO DE UTILIZACI\u00d3N<\/h1>\n<p>[\/et_pb_text][\/et_pb_column][\/et_pb_row][\/et_pb_section][et_pb_section fb_built=\u00bb1&#8243; admin_label=\u00bbLogin\u00bb _builder_version=\u00bb4.9.4&#8243; background_color=\u00bb#f4f4f4&#8243; background_image=\u00bbhttps:\/\/taliboot.com\/web\/wp-content\/uploads\/2021\/05\/fondo_diseno_gris_degradado.png\u00bb background_size=\u00bbcontain\u00bb background_position=\u00bbtop_center\u00bb custom_padding=\u00bb|||\u00bb][et_pb_row _builder_version=\u00bb4.9.4&#8243; _module_preset=\u00bbdefault\u00bb][et_pb_column type=\u00bb4_4&#8243; _builder_version=\u00bb4.9.4&#8243; _module_preset=\u00bbdefault\u00bb][et_pb_slider arrows_custom_color=\u00bb#254597&#8243; dot_nav_custom_color=\u00bb#254597&#8243; _builder_version=\u00bb4.9.9&#8243; _module_preset=\u00bbdefault\u00bb background_color=\u00bb#254597&#8243; content_width=\u00bb1500px\u00bb auto=\u00bbon\u00bb border_radii=\u00bbon|15px|15px|15px|15px\u00bb][et_pb_slide _builder_version=\u00bb4.9.9&#8243; _module_preset=\u00bbdefault\u00bb background_enable_color=\u00bboff\u00bb background_image=\u00bbhttps:\/\/taliboot.com\/web\/wp-content\/uploads\/2021\/07\/Taliboot_modo_de_utilizacion_1.jpeg\u00bb background_enable_image=\u00bbon\u00bb background_size=\u00bbcontain\u00bb border_radii_image=\u00bbon|15px|15px|15px|15px\u00bb sticky_transition=\u00bbon\u00bb][\/et_pb_slide][et_pb_slide _builder_version=\u00bb4.9.9&#8243; _module_preset=\u00bbdefault\u00bb background_enable_color=\u00bboff\u00bb background_image=\u00bbhttps:\/\/taliboot.com\/web\/wp-content\/uploads\/2021\/07\/Taliboot_modo_de_utilizacion_12.jpeg\u00bb background_enable_image=\u00bbon\u00bb background_size=\u00bbcontain\u00bb sticky_transition=\u00bbon\u00bb][\/et_pb_slide][et_pb_slide _builder_version=\u00bb4.9.9&#8243; _module_preset=\u00bbdefault\u00bb background_enable_color=\u00bboff\u00bb background_image=\u00bbhttps:\/\/taliboot.com\/web\/wp-content\/uploads\/2021\/07\/Taliboot_modo_de_utilizacion_2.jpeg\u00bb background_enable_image=\u00bbon\u00bb background_size=\u00bbcontain\u00bb sticky_transition=\u00bbon\u00bb][\/et_pb_slide][et_pb_slide _builder_version=\u00bb4.9.9&#8243; _module_preset=\u00bbdefault\u00bb background_enable_color=\u00bboff\u00bb background_image=\u00bbhttps:\/\/taliboot.com\/web\/wp-content\/uploads\/2021\/07\/Taliboot_modo_de_utilizacion_3.jpeg\u00bb background_enable_image=\u00bbon\u00bb background_size=\u00bbcontain\u00bb sticky_transition=\u00bbon\u00bb][\/et_pb_slide][et_pb_slide _builder_version=\u00bb4.9.9&#8243; _module_preset=\u00bbdefault\u00bb background_enable_color=\u00bboff\u00bb background_image=\u00bbhttps:\/\/taliboot.com\/web\/wp-content\/uploads\/2021\/07\/Taliboot_modo_de_utilizacion_4.jpeg\u00bb background_enable_image=\u00bbon\u00bb background_size=\u00bbcontain\u00bb sticky_transition=\u00bbon\u00bb][\/et_pb_slide][et_pb_slide _builder_version=\u00bb4.9.9&#8243; _module_preset=\u00bbdefault\u00bb background_enable_color=\u00bboff\u00bb background_image=\u00bbhttps:\/\/taliboot.com\/web\/wp-content\/uploads\/2021\/07\/Taliboot_modo_de_utilizacion_5.jpeg\u00bb background_enable_image=\u00bbon\u00bb background_size=\u00bbcontain\u00bb sticky_transition=\u00bbon\u00bb][\/et_pb_slide][et_pb_slide _builder_version=\u00bb4.9.9&#8243; _module_preset=\u00bbdefault\u00bb background_enable_color=\u00bboff\u00bb background_image=\u00bbhttps:\/\/taliboot.com\/web\/wp-content\/uploads\/2021\/07\/Taliboot_modo_de_utilizacion_6.jpeg\u00bb background_enable_image=\u00bbon\u00bb background_size=\u00bbcontain\u00bb sticky_transition=\u00bbon\u00bb][\/et_pb_slide][et_pb_slide _builder_version=\u00bb4.9.9&#8243; _module_preset=\u00bbdefault\u00bb background_enable_color=\u00bboff\u00bb background_image=\u00bbhttps:\/\/taliboot.com\/web\/wp-content\/uploads\/2021\/07\/Taliboot_modo_de_utilizacion_8.jpeg\u00bb background_enable_image=\u00bbon\u00bb background_size=\u00bbcontain\u00bb sticky_transition=\u00bbon\u00bb][\/et_pb_slide][et_pb_slide _builder_version=\u00bb4.9.9&#8243; _module_preset=\u00bbdefault\u00bb background_enable_color=\u00bboff\u00bb background_image=\u00bbhttps:\/\/taliboot.com\/web\/wp-content\/uploads\/2021\/07\/Taliboot_modo_de_utilizacion_8.jpeg\u00bb background_enable_image=\u00bbon\u00bb background_size=\u00bbcontain\u00bb sticky_transition=\u00bbon\u00bb][\/et_pb_slide][et_pb_slide _builder_version=\u00bb4.9.9&#8243; _module_preset=\u00bbdefault\u00bb background_enable_color=\u00bboff\u00bb background_image=\u00bbhttps:\/\/taliboot.com\/web\/wp-content\/uploads\/2021\/07\/Taliboot_modo_de_utilizacion_9.jpeg\u00bb background_enable_image=\u00bbon\u00bb background_size=\u00bbcontain\u00bb sticky_transition=\u00bbon\u00bb][\/et_pb_slide][et_pb_slide _builder_version=\u00bb4.9.9&#8243; _module_preset=\u00bbdefault\u00bb background_enable_color=\u00bboff\u00bb background_image=\u00bbhttps:\/\/taliboot.com\/web\/wp-content\/uploads\/2021\/07\/Taliboot_modo_de_utilizacion_10.jpeg\u00bb background_enable_image=\u00bbon\u00bb background_size=\u00bbcontain\u00bb sticky_transition=\u00bbon\u00bb][\/et_pb_slide][et_pb_slide _builder_version=\u00bb4.9.9&#8243; _module_preset=\u00bbdefault\u00bb background_enable_color=\u00bboff\u00bb background_image=\u00bbhttps:\/\/taliboot.com\/web\/wp-content\/uploads\/2021\/07\/Taliboot_modo_de_utilizacion_11.jpeg\u00bb background_enable_image=\u00bbon\u00bb background_size=\u00bbcontain\u00bb sticky_transition=\u00bbon\u00bb][\/et_pb_slide][et_pb_slide _builder_version=\u00bb4.9.9&#8243; _module_preset=\u00bbdefault\u00bb background_enable_color=\u00bboff\u00bb background_image=\u00bbhttps:\/\/taliboot.com\/web\/wp-content\/uploads\/2021\/07\/Taliboot_modo_de_utilizacion_13.jpeg\u00bb background_enable_image=\u00bbon\u00bb background_size=\u00bbcontain\u00bb sticky_transition=\u00bbon\u00bb][\/et_pb_slide][et_pb_slide _builder_version=\u00bb4.9.9&#8243; _module_preset=\u00bbdefault\u00bb background_enable_color=\u00bboff\u00bb background_image=\u00bbhttps:\/\/taliboot.com\/web\/wp-content\/uploads\/2021\/07\/Taliboot_modo_de_utilizacion_14.jpeg\u00bb background_enable_image=\u00bbon\u00bb background_size=\u00bbcontain\u00bb sticky_transition=\u00bbon\u00bb][\/et_pb_slide][et_pb_slide _builder_version=\u00bb4.9.9&#8243; _module_preset=\u00bbdefault\u00bb background_enable_color=\u00bboff\u00bb background_image=\u00bbhttps:\/\/taliboot.com\/web\/wp-content\/uploads\/2021\/07\/Taliboot_modo_de_utilizacion_15.jpeg\u00bb background_enable_image=\u00bbon\u00bb background_size=\u00bbcontain\u00bb sticky_transition=\u00bbon\u00bb][\/et_pb_slide][\/et_pb_slider][\/et_pb_column][\/et_pb_row][et_pb_row column_structure=\u00bb1_2,1_2&#8243; _builder_version=\u00bb4.9.9&#8243; _module_preset=\u00bbdefault\u00bb][et_pb_column type=\u00bb1_2&#8243; _builder_version=\u00bb4.9.9&#8243; _module_preset=\u00bbdefault\u00bb][et_pb_text _builder_version=\u00bb4.9.9&#8243; _module_preset=\u00bbdefault\u00bb text_font=\u00bb|600|||||||\u00bb text_font_size=\u00bb18px\u00bb]<\/p>\n<p>Video 1: Modo de utilizaci\u00f3n<\/p>\n<p>[\/et_pb_text][et_pb_video src=\u00bbhttps:\/\/www.youtube.com\/watch?v=1CcDvSp30fY\u00bb _builder_version=\u00bb4.9.9&#8243; _module_preset=\u00bbdefault\u00bb border_radii=\u00bbon|10px|10px|10px|10px\u00bb][\/et_pb_video][\/et_pb_column][et_pb_column type=\u00bb1_2&#8243; _builder_version=\u00bb4.9.9&#8243; _module_preset=\u00bbdefault\u00bb][et_pb_text _builder_version=\u00bb4.9.9&#8243; _module_preset=\u00bbdefault\u00bb text_font=\u00bb|600|||||||\u00bb text_font_size=\u00bb18px\u00bb]<\/p>\n<p>Video 2: Verificaci\u00f3n de liberaci\u00f3n de la presi\u00f3n en Tal\u00f3n<\/p>\n<p>[\/et_pb_text][et_pb_video src=\u00bbhttps:\/\/www.youtube.com\/watch?v=v81gzfDnCQ4&#8243; _builder_version=\u00bb4.9.9&#8243; _module_preset=\u00bbdefault\u00bb border_radii=\u00bbon|10px|10px|10px|10px\u00bb][\/et_pb_video][\/et_pb_column][\/et_pb_row][et_pb_row column_structure=\u00bb1_2,1_2&#8243; _builder_version=\u00bb4.9.9&#8243; _module_preset=\u00bbdefault\u00bb][et_pb_column type=\u00bb1_2&#8243; _builder_version=\u00bb4.9.9&#8243; _module_preset=\u00bbdefault\u00bb][et_pb_text _builder_version=\u00bb4.9.9&#8243; _module_preset=\u00bbdefault\u00bb text_font=\u00bb|600|||||||\u00bb text_font_size=\u00bb18px\u00bb hover_enabled=\u00bb0&#8243; sticky_enabled=\u00bb0&#8243;]<\/p>\n<p>Video 3: Bota Tali en dec\u00fabito lateral, posici\u00f3n para dormir<\/p>\n<p>[\/et_pb_text][et_pb_video src=\u00bbhttps:\/\/www.youtube.com\/watch?v=LNEyaVATQ3Q\u00bb _builder_version=\u00bb4.9.9&#8243; _module_preset=\u00bbdefault\u00bb hover_enabled=\u00bb0&#8243; border_radii=\u00bbon|10px|10px|10px|10px\u00bb sticky_enabled=\u00bb0&#8243;][\/et_pb_video][\/et_pb_column][et_pb_column type=\u00bb1_2&#8243; _builder_version=\u00bb4.9.9&#8243; _module_preset=\u00bbdefault\u00bb][\/et_pb_column][\/et_pb_row][\/et_pb_section]<\/p>\n","protected":false},"excerpt":{"rendered":"<p>MODO DE UTILIZACI\u00d3NVideo 1: Modo de utilizaci\u00f3nVideo 2: Verificaci\u00f3n de liberaci\u00f3n de la presi\u00f3n en Tal\u00f3nVideo 3: Bota Tali en dec\u00fabito lateral, posici\u00f3n para dormir<\/p>\n","protected":false},"author":1,"featured_media":0,"parent":0,"menu_order":0,"comment_status":"closed","ping_status":"closed","template":"","meta":{"_et_pb_use_builder":"on","_et_pb_old_content":"","_et_gb_content_width":"","footnotes":""},"class_list":["post-323","page","type-page","status-publish","hentry"],"yoast_head":"<!-- This site is optimized with the Yoast SEO plugin v22.8 - https:\/\/yoast.com\/wordpress\/plugins\/seo\/ -->\n<title>MODO DE UTILIZACI\u00d3N - TALIBOOT<\/title>\n<meta name=\"robots\" content=\"index, follow, max-snippet:-1, max-image-preview:large, max-video-preview:-1\" \/>\n<link rel=\"canonical\" href=\"https:\/\/taliboot.com\/web\/modo-de-utilizacion\/\" \/>\n<meta property=\"og:locale\" content=\"es_ES\" \/>\n<meta property=\"og:type\" content=\"article\" \/>\n<meta property=\"og:title\" content=\"MODO DE UTILIZACI\u00d3N - TALIBOOT\" \/>\n<meta property=\"og:description\" content=\"MODO DE UTILIZACI\u00d3NVideo 1: Modo de utilizaci\u00f3nVideo 2: Verificaci\u00f3n de liberaci\u00f3n de la presi\u00f3n en Tal\u00f3nVideo 3: Bota Tali en dec\u00fabito lateral, posici\u00f3n para dormir\" \/>\n<meta property=\"og:url\" content=\"https:\/\/taliboot.com\/web\/modo-de-utilizacion\/\" \/>\n<meta property=\"og:site_name\" content=\"TALIBOOT\" \/>\n<meta property=\"article:modified_time\" content=\"2021-07-29T15:40:03+00:00\" \/>\n<meta name=\"twitter:card\" content=\"summary_large_image\" \/>\n<meta name=\"twitter:label1\" content=\"Tiempo de lectura\" \/>\n\t<meta name=\"twitter:data1\" content=\"6 minutos\" \/>\n<script type=\"application\/ld+json\" class=\"yoast-schema-graph\">{\"@context\":\"https:\/\/schema.org\",\"@graph\":[{\"@type\":\"WebPage\",\"@id\":\"https:\/\/taliboot.com\/web\/modo-de-utilizacion\/\",\"url\":\"https:\/\/taliboot.com\/web\/modo-de-utilizacion\/\",\"name\":\"MODO DE UTILIZACI\u00d3N - TALIBOOT\",\"isPartOf\":{\"@id\":\"https:\/\/taliboot.com\/web\/#website\"},\"datePublished\":\"2021-05-14T21:52:16+00:00\",\"dateModified\":\"2021-07-29T15:40:03+00:00\",\"breadcrumb\":{\"@id\":\"https:\/\/taliboot.com\/web\/modo-de-utilizacion\/#breadcrumb\"},\"inLanguage\":\"es\",\"potentialAction\":[{\"@type\":\"ReadAction\",\"target\":[\"https:\/\/taliboot.com\/web\/modo-de-utilizacion\/\"]}]},{\"@type\":\"BreadcrumbList\",\"@id\":\"https:\/\/taliboot.com\/web\/modo-de-utilizacion\/#breadcrumb\",\"itemListElement\":[{\"@type\":\"ListItem\",\"position\":1,\"name\":\"Portada\",\"item\":\"https:\/\/taliboot.com\/web\/\"},{\"@type\":\"ListItem\",\"position\":2,\"name\":\"MODO DE UTILIZACI\u00d3N\"}]},{\"@type\":\"WebSite\",\"@id\":\"https:\/\/taliboot.com\/web\/#website\",\"url\":\"https:\/\/taliboot.com\/web\/\",\"name\":\"TALIBOOT\",\"description\":\"Bota para \u00falcera en el tal\u00f3n\",\"potentialAction\":[{\"@type\":\"SearchAction\",\"target\":{\"@type\":\"EntryPoint\",\"urlTemplate\":\"https:\/\/taliboot.com\/web\/?s={search_term_string}\"},\"query-input\":\"required name=search_term_string\"}],\"inLanguage\":\"es\"}]}<\/script>\n<!-- \/ Yoast SEO plugin. -->","yoast_head_json":{"title":"MODO DE UTILIZACI\u00d3N - TALIBOOT","robots":{"index":"index","follow":"follow","max-snippet":"max-snippet:-1","max-image-preview":"max-image-preview:large","max-video-preview":"max-video-preview:-1"},"canonical":"https:\/\/taliboot.com\/web\/modo-de-utilizacion\/","og_locale":"es_ES","og_type":"article","og_title":"MODO DE UTILIZACI\u00d3N - TALIBOOT","og_description":"MODO DE UTILIZACI\u00d3NVideo 1: Modo de utilizaci\u00f3nVideo 2: Verificaci\u00f3n de liberaci\u00f3n de la presi\u00f3n en Tal\u00f3nVideo 3: Bota Tali en dec\u00fabito lateral, posici\u00f3n para dormir","og_url":"https:\/\/taliboot.com\/web\/modo-de-utilizacion\/","og_site_name":"TALIBOOT","article_modified_time":"2021-07-29T15:40:03+00:00","twitter_card":"summary_large_image","twitter_misc":{"Tiempo de lectura":"6 minutos"},"schema":{"@context":"https:\/\/schema.org","@graph":[{"@type":"WebPage","@id":"https:\/\/taliboot.com\/web\/modo-de-utilizacion\/","url":"https:\/\/taliboot.com\/web\/modo-de-utilizacion\/","name":"MODO DE UTILIZACI\u00d3N - TALIBOOT","isPartOf":{"@id":"https:\/\/taliboot.com\/web\/#website"},"datePublished":"2021-05-14T21:52:16+00:00","dateModified":"2021-07-29T15:40:03+00:00","breadcrumb":{"@id":"https:\/\/taliboot.com\/web\/modo-de-utilizacion\/#breadcrumb"},"inLanguage":"es","potentialAction":[{"@type":"ReadAction","target":["https:\/\/taliboot.com\/web\/modo-de-utilizacion\/"]}]},{"@type":"BreadcrumbList","@id":"https:\/\/taliboot.com\/web\/modo-de-utilizacion\/#breadcrumb","itemListElement":[{"@type":"ListItem","position":1,"name":"Portada","item":"https:\/\/taliboot.com\/web\/"},{"@type":"ListItem","position":2,"name":"MODO DE UTILIZACI\u00d3N"}]},{"@type":"WebSite","@id":"https:\/\/taliboot.com\/web\/#website","url":"https:\/\/taliboot.com\/web\/","name":"TALIBOOT","description":"Bota para \u00falcera en el tal\u00f3n","potentialAction":[{"@type":"SearchAction","target":{"@type":"EntryPoint","urlTemplate":"https:\/\/taliboot.com\/web\/?s={search_term_string}"},"query-input":"required name=search_term_string"}],"inLanguage":"es"}]}},"_links":{"self":[{"href":"https:\/\/taliboot.com\/web\/wp-json\/wp\/v2\/pages\/323","targetHints":{"allow":["GET"]}}],"collection":[{"href":"https:\/\/taliboot.com\/web\/wp-json\/wp\/v2\/pages"}],"about":[{"href":"https:\/\/taliboot.com\/web\/wp-json\/wp\/v2\/types\/page"}],"author":[{"embeddable":true,"href":"https:\/\/taliboot.com\/web\/wp-json\/wp\/v2\/users\/1"}],"replies":[{"embeddable":true,"href":"https:\/\/taliboot.com\/web\/wp-json\/wp\/v2\/comments?post=323"}],"version-history":[{"count":22,"href":"https:\/\/taliboot.com\/web\/wp-json\/wp\/v2\/pages\/323\/revisions"}],"predecessor-version":[{"id":417,"href":"https:\/\/taliboot.com\/web\/wp-json\/wp\/v2\/pages\/323\/revisions\/417"}],"wp:attachment":[{"href":"https:\/\/taliboot.com\/web\/wp-json\/wp\/v2\/media?parent=323"}],"curies":[{"name":"wp","href":"https:\/\/api.w.org\/{rel}","templated":true}]}}