{"id":332,"date":"2021-05-14T22:13:34","date_gmt":"2021-05-14T22:13:34","guid":{"rendered":"https:\/\/taliboot.com\/web\/?page_id=332"},"modified":"2021-12-17T14:14:23","modified_gmt":"2021-12-17T14:14:23","slug":"casos-exitosos","status":"publish","type":"page","link":"https:\/\/taliboot.com\/web\/casos-exitosos\/","title":{"rendered":"CASOS EXITOSOS"},"content":{"rendered":"<p>[et_pb_section fb_built=\u00bb1&#8243; custom_padding_last_edited=\u00bbon|tablet\u00bb next_background_color=\u00bb#f4f4f4&#8243; admin_label=\u00bbHero\u00bb _builder_version=\u00bb4.9.4&#8243; use_background_color_gradient=\u00bbon\u00bb background_color_gradient_start=\u00bbrgba(1,77,183,0.9)\u00bb background_color_gradient_end=\u00bbrgba(255,255,255,0)\u00bb background_color_gradient_type=\u00bbradial\u00bb background_color_gradient_direction_radial=\u00bbtop right\u00bb background_color_gradient_start_position=\u00bb20%\u00bb background_color_gradient_overlays_image=\u00bbon\u00bb background_image=\u00bbhttps:\/\/taliboot.com\/web\/wp-content\/uploads\/2021\/05\/casos_exitosos.jpg\u00bb custom_padding=\u00bb110px|0px|160px|0px|false|false\u00bb custom_padding_tablet=\u00bb50px||50px||true\u00bb custom_padding_phone=\u00bb|||\u00bb bottom_divider_style=\u00bbasymmetric\u00bb bottom_divider_height=\u00bb50px\u00bb bottom_divider_flip=\u00bbhorizontal\u00bb bottom_divider_height_tablet=\u00bb90px\u00bb bottom_divider_height_phone=\u00bb80px\u00bb global_colors_info=\u00bb{}\u00bb][et_pb_row column_structure=\u00bb2_5,3_5&#8243; _builder_version=\u00bb4.9.4&#8243; background_position=\u00bbcenter_left\u00bb custom_width_px=\u00bb1280px\u00bb global_colors_info=\u00bb{}\u00bb][et_pb_column type=\u00bb2_5&#8243; _builder_version=\u00bb4.9.4&#8243; custom_padding=\u00bb|||\u00bb global_colors_info=\u00bb{}\u00bb custom_padding__hover=\u00bb|||\u00bb][\/et_pb_column][et_pb_column type=\u00bb3_5&#8243; _builder_version=\u00bb4.9.4&#8243; custom_padding=\u00bb|||\u00bb global_colors_info=\u00bb{}\u00bb custom_padding__hover=\u00bb|||\u00bb][et_pb_text _builder_version=\u00bb4.9.4&#8243; text_font=\u00bbMontserrat||||||||\u00bb text_text_color=\u00bbrgba(255,255,255,0.7)\u00bb text_font_size=\u00bb20px\u00bb text_line_height=\u00bb1.8em\u00bb header_font=\u00bbMontserrat|700|||||||\u00bb header_font_size=\u00bb44px\u00bb header_line_height=\u00bb1.4em\u00bb header_6_font=\u00bbMontserrat|600||on|||||\u00bb header_6_text_color=\u00bbrgba(255,255,255,0.7)\u00bb header_6_font_size=\u00bb16px\u00bb header_6_letter_spacing=\u00bb2px\u00bb header_6_line_height=\u00bb1.5em\u00bb background_layout=\u00bbdark\u00bb custom_padding=\u00bb41px||||false|false\u00bb text_font_size_tablet=\u00bb\u00bb text_font_size_phone=\u00bb15px\u00bb text_font_size_last_edited=\u00bbon|phone\u00bb header_font_size_tablet=\u00bb\u00bb header_font_size_phone=\u00bb28px\u00bb header_font_size_last_edited=\u00bbon|phone\u00bb global_colors_info=\u00bb{}\u00bb]<\/p>\n<h1 style=\"text-align: center;\">CASOS EXITOSOS<\/h1>\n<p>[\/et_pb_text][\/et_pb_column][\/et_pb_row][\/et_pb_section][et_pb_section fb_built=\u00bb1&#8243; admin_label=\u00bbLogin\u00bb _builder_version=\u00bb4.9.4&#8243; background_color=\u00bb#f4f4f4&#8243; background_image=\u00bbhttps:\/\/taliboot.com\/web\/wp-content\/uploads\/2021\/05\/fondo_diseno_gris_degradado.png\u00bb background_size=\u00bbcontain\u00bb background_position=\u00bbtop_center\u00bb custom_padding=\u00bb|||\u00bb global_colors_info=\u00bb{}\u00bb][et_pb_row _builder_version=\u00bb4.14.2&#8243; _module_preset=\u00bbdefault\u00bb global_colors_info=\u00bb{}\u00bb][et_pb_column type=\u00bb4_4&#8243; _builder_version=\u00bb4.9.4&#8243; _module_preset=\u00bbdefault\u00bb global_colors_info=\u00bb{}\u00bb][et_pb_text _builder_version=\u00bb4.14.2&#8243; _module_preset=\u00bbdefault\u00bb text_font=\u00bb|700|||||||\u00bb text_text_color=\u00bb#254597&#8243; text_font_size=\u00bb20px\u00bb animation_style=\u00bbslide\u00bb animation_direction=\u00bbleft\u00bb animation_duration=\u00bb2200ms\u00bb global_colors_info=\u00bb{}\u00bb]<\/p>\n<p>CASO 1<\/p>\n<p>[\/et_pb_text][et_pb_text _builder_version=\u00bb4.14.2&#8243; _module_preset=\u00bbdefault\u00bb animation_style=\u00bbslide\u00bb animation_direction=\u00bbleft\u00bb animation_duration=\u00bb2200ms\u00bb global_colors_info=\u00bb{}\u00bb]<\/p>\n<p style=\"text-align: justify;\">Paciente masculino diab\u00e9tico tipo dos con \u00falcera en el tal\u00f3n derecho de 2 semanas de evoluci\u00f3n con empeoramiento progresivo manejado con desbridamiento y sistema de presi\u00f3n negativa \u00fanicamente (Figura 1). Se realizo posteriormente arteriograf\u00eda encontrando estenosis de la arteria tibial posterior que se revasculariz\u00f3 por v\u00eda endovascular con angioplastia exitosa (Figuras 2 y 3). Posteriormente se practico desbridamiento y calcaniectomia parcial (Figura 4) y curaciones con ap\u00f3sitos tipo espuma, m\u00e1s utilizaci\u00f3n permanente de <strong>BOTA TALI<\/strong> (Figura 5); despu\u00e9s de 4 semanas de tratamiento se obtuvo cicatrizaci\u00f3n exitosa con aparici\u00f3n de buen tejido de granulaci\u00f3n (Figura 6) y luego de 8 semanas con manejo con ap\u00f3sitos no adherentes y <strong>BOTA TALI<\/strong>, se obtuvo cierre completo (Figura 7).<\/p>\n<p style=\"text-align: justify;\">Este paciente se le propuso en diferentes instituciones amputaci\u00f3n mayor de la extremidad, pero con el uso de la <strong>BOTA TALI<\/strong>, m\u00e1s el procedimiento endovascular y el cuidado local de la herida se logr\u00f3 preservar su pierna.<\/p>\n<p>[\/et_pb_text][et_pb_gallery gallery_ids=\u00bb478,479,480,481,482,530,531&#8243; posts_number=\u00bb8&#8243; _builder_version=\u00bb4.14.2&#8243; _module_preset=\u00bbdefault\u00bb title_font_size=\u00bb14px\u00bb animation_style=\u00bbslide\u00bb animation_direction=\u00bbright\u00bb animation_duration=\u00bb2200ms\u00bb border_radii_image=\u00bbon|10px|10px|10px|10px\u00bb global_colors_info=\u00bb{}\u00bb][\/et_pb_gallery][\/et_pb_column][\/et_pb_row][\/et_pb_section][et_pb_section fb_built=\u00bb1&#8243; admin_label=\u00bbLogin\u00bb _builder_version=\u00bb4.14.2&#8243; background_enable_color=\u00bboff\u00bb background_enable_image=\u00bboff\u00bb background_size=\u00bbcontain\u00bb background_position=\u00bbtop_center\u00bb custom_padding=\u00bb|||\u00bb global_colors_info=\u00bb{}\u00bb][et_pb_row _builder_version=\u00bb4.14.2&#8243; _module_preset=\u00bbdefault\u00bb global_colors_info=\u00bb{}\u00bb][et_pb_column type=\u00bb4_4&#8243; _builder_version=\u00bb4.9.4&#8243; _module_preset=\u00bbdefault\u00bb global_colors_info=\u00bb{}\u00bb][et_pb_text _builder_version=\u00bb4.14.2&#8243; _module_preset=\u00bbdefault\u00bb text_font=\u00bb|700|||||||\u00bb text_text_color=\u00bb#254597&#8243; text_font_size=\u00bb20px\u00bb animation_style=\u00bbslide\u00bb animation_direction=\u00bbleft\u00bb animation_duration=\u00bb2200ms\u00bb global_colors_info=\u00bb{}\u00bb]<\/p>\n<p>CASO 2<\/p>\n<p>[\/et_pb_text][et_pb_text _builder_version=\u00bb4.14.2&#8243; _module_preset=\u00bbdefault\u00bb animation_style=\u00bbslide\u00bb animation_direction=\u00bbleft\u00bb animation_duration=\u00bb2200ms\u00bb global_colors_info=\u00bb{}\u00bb]<\/p>\n<p style=\"text-align: justify;\">Paciente femenina de 70 a\u00f1os con \u00falcera por presi\u00f3n en pantorrilla derecha con necrosis extensa de 3 semanas de evoluci\u00f3n (Figura 1), con ofrecimiento de amputaci\u00f3n mayor, con negativa de paciente y familia; valorada por cirug\u00eda vascular que practica limpieza y desbridamiento, utilizaci\u00f3n de ap\u00f3sitos no adherentes y sistema de presi\u00f3n negativa con uso permanente de <strong>BOTA TALI<\/strong>, la cual se modifico para evitar zonas de presi\u00f3n en la pantorrilla (Figuras 2 y 3), despu\u00e9s de 4 semanas de tratamiento y uso continuo de la <strong>BOTA TALI<\/strong>, se obtuvo cierre completo de la herida (Figura 4).<\/p>\n<p style=\"text-align: justify;\">Paciente con indicaci\u00f3n de amputaci\u00f3n, pero se realiz\u00f3 manejo local y modificaci\u00f3n de la <strong>BOTA TALI<\/strong>, la cual tiene la capacidad de poder cambiar su forma para acomodar zonas de presi\u00f3n o heridas en toda la cara posterior de pierna y pie. Parte vital del tratamiento de estas ulceraciones es el reposo de la extremidad y que no tenga ning\u00fan contacto con la superficie de la cama del paciente, ya que la simple presi\u00f3n generada por el peso de la extremidad provoca necrosis del tejido y evita un correcto proceso de cicatrizaci\u00f3n.<\/p>\n<p>[\/et_pb_text][et_pb_gallery gallery_ids=\u00bb494,495,496,497,541&#8243; posts_number=\u00bb5&#8243; _builder_version=\u00bb4.14.2&#8243; _module_preset=\u00bbdefault\u00bb title_font_size=\u00bb14px\u00bb animation_style=\u00bbslide\u00bb animation_direction=\u00bbright\u00bb animation_duration=\u00bb2200ms\u00bb hover_enabled=\u00bb0&#8243; border_radii_image=\u00bbon|10px|10px|10px|10px\u00bb global_colors_info=\u00bb{}\u00bb sticky_enabled=\u00bb0&#8243;][\/et_pb_gallery][\/et_pb_column][\/et_pb_row][\/et_pb_section][et_pb_section fb_built=\u00bb1&#8243; admin_label=\u00bbLogin\u00bb _builder_version=\u00bb4.9.4&#8243; background_color=\u00bb#f4f4f4&#8243; background_image=\u00bbhttps:\/\/taliboot.com\/web\/wp-content\/uploads\/2021\/05\/fondo_diseno_gris_degradado.png\u00bb background_size=\u00bbcontain\u00bb background_position=\u00bbtop_center\u00bb custom_padding=\u00bb|||\u00bb global_colors_info=\u00bb{}\u00bb][et_pb_row _builder_version=\u00bb4.14.2&#8243; _module_preset=\u00bbdefault\u00bb global_colors_info=\u00bb{}\u00bb][et_pb_column type=\u00bb4_4&#8243; _builder_version=\u00bb4.9.4&#8243; _module_preset=\u00bbdefault\u00bb global_colors_info=\u00bb{}\u00bb][et_pb_text _builder_version=\u00bb4.14.2&#8243; _module_preset=\u00bbdefault\u00bb text_font=\u00bb|700|||||||\u00bb text_text_color=\u00bb#254597&#8243; text_font_size=\u00bb20px\u00bb animation_style=\u00bbslide\u00bb animation_direction=\u00bbleft\u00bb animation_duration=\u00bb2200ms\u00bb global_colors_info=\u00bb{}\u00bb]<\/p>\n<p>CASO 3<\/p>\n<p>[\/et_pb_text][et_pb_text _builder_version=\u00bb4.14.2&#8243; _module_preset=\u00bbdefault\u00bb animation_style=\u00bbslide\u00bb animation_direction=\u00bbleft\u00bb animation_duration=\u00bb2200ms\u00bb global_colors_info=\u00bb{}\u00bb]<\/p>\n<p style=\"text-align: justify;\">Paciente de 43 a\u00f1os diab\u00e9tico tipo uno con neuropat\u00eda diab\u00e9tica sensitiva que present\u00f3 trauma en planta del pie, tobillo por tachuela, que genero infecci\u00f3n y necrosis de esta zona anat\u00f3mica, con indicaci\u00f3n de amputaci\u00f3n por ortopedia ( Figura 1), solicita salida voluntaria de la instituci\u00f3n donde se encuentra y se inicia manejo con desbridamiento y uso de presi\u00f3n negativa y permanencia de <strong>BOTA TALI<\/strong> para alivio de presi\u00f3n y protecci\u00f3n del pie (Figuras 2 y 3) con mejor\u00eda de la lesi\u00f3n a las dos semanas (Figura 4) y cierre casi completo en 5 semanas (Figura 5).<\/p>\n<p>[\/et_pb_text][et_pb_gallery gallery_ids=\u00bb503,504,505,506,507&#8243; posts_number=\u00bb8&#8243; _builder_version=\u00bb4.14.2&#8243; _module_preset=\u00bbdefault\u00bb title_font_size=\u00bb14px\u00bb animation_style=\u00bbslide\u00bb animation_direction=\u00bbright\u00bb animation_duration=\u00bb2200ms\u00bb border_radii_image=\u00bbon|10px|10px|10px|10px\u00bb global_colors_info=\u00bb{}\u00bb][\/et_pb_gallery][\/et_pb_column][\/et_pb_row][\/et_pb_section][et_pb_section fb_built=\u00bb1&#8243; admin_label=\u00bbLogin\u00bb _builder_version=\u00bb4.9.4&#8243; background_color=\u00bb#f4f4f4&#8243; background_image=\u00bbhttps:\/\/taliboot.com\/web\/wp-content\/uploads\/2021\/05\/fondo_diseno_gris_degradado.png\u00bb background_size=\u00bbcontain\u00bb background_position=\u00bbtop_center\u00bb custom_padding=\u00bb|||\u00bb global_colors_info=\u00bb{}\u00bb][et_pb_row _builder_version=\u00bb4.14.2&#8243; _module_preset=\u00bbdefault\u00bb global_colors_info=\u00bb{}\u00bb][et_pb_column type=\u00bb4_4&#8243; _builder_version=\u00bb4.9.4&#8243; _module_preset=\u00bbdefault\u00bb global_colors_info=\u00bb{}\u00bb][et_pb_text _builder_version=\u00bb4.14.2&#8243; _module_preset=\u00bbdefault\u00bb text_font=\u00bb|700|||||||\u00bb text_text_color=\u00bb#254597&#8243; text_font_size=\u00bb20px\u00bb animation_style=\u00bbslide\u00bb animation_direction=\u00bbleft\u00bb animation_duration=\u00bb2200ms\u00bb global_colors_info=\u00bb{}\u00bb]<\/p>\n<p>CASO 4<\/p>\n<p>[\/et_pb_text][et_pb_text _builder_version=\u00bb4.14.2&#8243; _module_preset=\u00bbdefault\u00bb animation_style=\u00bbslide\u00bb animation_direction=\u00bbleft\u00bb animation_duration=\u00bb2200ms\u00bb global_colors_info=\u00bb{}\u00bb]<\/p>\n<p style=\"text-align: justify;\">Las amputaciones menores por debajo de los maliolos para salvamento extremidad son parte de la preservaci\u00f3n de la extremidad en pacientes con enfermedad arterial o diabetes el uso de la <strong>BOTA TALI<\/strong> ayuda a la cicatrizaci\u00f3n, evita traumas adicionales y favorece la cicatrizaci\u00f3n de este tipo de amputaciones.<\/p>\n<p style=\"text-align: justify;\">En esta fotograf\u00eda vemos una amputaci\u00f3n tipo Syme exitosamente realizada que se protege el tal\u00f3n y la herida quir\u00fargica con la <strong>BOTA TALI<\/strong>, mietras el paciente tiene la capacidad de comenzar a hacer apoyo.<\/p>\n<p>[\/et_pb_text][et_pb_gallery gallery_ids=\u00bb516,515&#8243; posts_number=\u00bb8&#8243; _builder_version=\u00bb4.14.2&#8243; _module_preset=\u00bbdefault\u00bb title_font_size=\u00bb14px\u00bb animation_style=\u00bbslide\u00bb animation_direction=\u00bbright\u00bb animation_duration=\u00bb2200ms\u00bb border_radii_image=\u00bbon|10px|10px|10px|10px\u00bb global_colors_info=\u00bb{}\u00bb][\/et_pb_gallery][\/et_pb_column][\/et_pb_row][\/et_pb_section]<\/p>\n","protected":false},"excerpt":{"rendered":"<p>CASOS EXITOSOSCASO 1Paciente masculino diab\u00e9tico tipo dos con \u00falcera en el tal\u00f3n derecho de 2 semanas de evoluci\u00f3n con empeoramiento progresivo manejado con desbridamiento y sistema de presi\u00f3n negativa \u00fanicamente (Figura 1). Se realizo posteriormente arteriograf\u00eda encontrando estenosis de la arteria tibial posterior que se revasculariz\u00f3 por v\u00eda endovascular con angioplastia exitosa (Figuras 2 y [&hellip;]<\/p>\n","protected":false},"author":1,"featured_media":0,"parent":0,"menu_order":0,"comment_status":"closed","ping_status":"closed","template":"","meta":{"_et_pb_use_builder":"on","_et_pb_old_content":"","_et_gb_content_width":"","footnotes":""},"class_list":["post-332","page","type-page","status-publish","hentry"],"yoast_head":"<!-- This site is optimized with the Yoast SEO plugin v22.8 - https:\/\/yoast.com\/wordpress\/plugins\/seo\/ -->\n<title>CASOS EXITOSOS - TALIBOOT<\/title>\n<meta name=\"robots\" content=\"index, follow, max-snippet:-1, max-image-preview:large, max-video-preview:-1\" \/>\n<link rel=\"canonical\" href=\"https:\/\/taliboot.com\/web\/casos-exitosos\/\" \/>\n<meta property=\"og:locale\" content=\"es_ES\" \/>\n<meta property=\"og:type\" content=\"article\" \/>\n<meta property=\"og:title\" content=\"CASOS EXITOSOS - TALIBOOT\" \/>\n<meta property=\"og:description\" content=\"CASOS EXITOSOSCASO 1Paciente masculino diab\u00e9tico tipo dos con \u00falcera en el tal\u00f3n derecho de 2 semanas de evoluci\u00f3n con empeoramiento progresivo manejado con desbridamiento y sistema de presi\u00f3n negativa \u00fanicamente (Figura 1). Se realizo posteriormente arteriograf\u00eda encontrando estenosis de la arteria tibial posterior que se revasculariz\u00f3 por v\u00eda endovascular con angioplastia exitosa (Figuras 2 y [&hellip;]\" \/>\n<meta property=\"og:url\" content=\"https:\/\/taliboot.com\/web\/casos-exitosos\/\" \/>\n<meta property=\"og:site_name\" content=\"TALIBOOT\" \/>\n<meta property=\"article:modified_time\" content=\"2021-12-17T14:14:23+00:00\" \/>\n<meta name=\"twitter:card\" content=\"summary_large_image\" \/>\n<meta name=\"twitter:label1\" content=\"Tiempo de lectura\" \/>\n\t<meta name=\"twitter:data1\" content=\"7 minutos\" \/>\n<script type=\"application\/ld+json\" class=\"yoast-schema-graph\">{\"@context\":\"https:\/\/schema.org\",\"@graph\":[{\"@type\":\"WebPage\",\"@id\":\"https:\/\/taliboot.com\/web\/casos-exitosos\/\",\"url\":\"https:\/\/taliboot.com\/web\/casos-exitosos\/\",\"name\":\"CASOS EXITOSOS - TALIBOOT\",\"isPartOf\":{\"@id\":\"https:\/\/taliboot.com\/web\/#website\"},\"datePublished\":\"2021-05-14T22:13:34+00:00\",\"dateModified\":\"2021-12-17T14:14:23+00:00\",\"breadcrumb\":{\"@id\":\"https:\/\/taliboot.com\/web\/casos-exitosos\/#breadcrumb\"},\"inLanguage\":\"es\",\"potentialAction\":[{\"@type\":\"ReadAction\",\"target\":[\"https:\/\/taliboot.com\/web\/casos-exitosos\/\"]}]},{\"@type\":\"BreadcrumbList\",\"@id\":\"https:\/\/taliboot.com\/web\/casos-exitosos\/#breadcrumb\",\"itemListElement\":[{\"@type\":\"ListItem\",\"position\":1,\"name\":\"Portada\",\"item\":\"https:\/\/taliboot.com\/web\/\"},{\"@type\":\"ListItem\",\"position\":2,\"name\":\"CASOS EXITOSOS\"}]},{\"@type\":\"WebSite\",\"@id\":\"https:\/\/taliboot.com\/web\/#website\",\"url\":\"https:\/\/taliboot.com\/web\/\",\"name\":\"TALIBOOT\",\"description\":\"Bota para \u00falcera en el tal\u00f3n\",\"potentialAction\":[{\"@type\":\"SearchAction\",\"target\":{\"@type\":\"EntryPoint\",\"urlTemplate\":\"https:\/\/taliboot.com\/web\/?s={search_term_string}\"},\"query-input\":\"required name=search_term_string\"}],\"inLanguage\":\"es\"}]}<\/script>\n<!-- \/ Yoast SEO plugin. -->","yoast_head_json":{"title":"CASOS EXITOSOS - TALIBOOT","robots":{"index":"index","follow":"follow","max-snippet":"max-snippet:-1","max-image-preview":"max-image-preview:large","max-video-preview":"max-video-preview:-1"},"canonical":"https:\/\/taliboot.com\/web\/casos-exitosos\/","og_locale":"es_ES","og_type":"article","og_title":"CASOS EXITOSOS - TALIBOOT","og_description":"CASOS EXITOSOSCASO 1Paciente masculino diab\u00e9tico tipo dos con \u00falcera en el tal\u00f3n derecho de 2 semanas de evoluci\u00f3n con empeoramiento progresivo manejado con desbridamiento y sistema de presi\u00f3n negativa \u00fanicamente (Figura 1). Se realizo posteriormente arteriograf\u00eda encontrando estenosis de la arteria tibial posterior que se revasculariz\u00f3 por v\u00eda endovascular con angioplastia exitosa (Figuras 2 y [&hellip;]","og_url":"https:\/\/taliboot.com\/web\/casos-exitosos\/","og_site_name":"TALIBOOT","article_modified_time":"2021-12-17T14:14:23+00:00","twitter_card":"summary_large_image","twitter_misc":{"Tiempo de lectura":"7 minutos"},"schema":{"@context":"https:\/\/schema.org","@graph":[{"@type":"WebPage","@id":"https:\/\/taliboot.com\/web\/casos-exitosos\/","url":"https:\/\/taliboot.com\/web\/casos-exitosos\/","name":"CASOS EXITOSOS - TALIBOOT","isPartOf":{"@id":"https:\/\/taliboot.com\/web\/#website"},"datePublished":"2021-05-14T22:13:34+00:00","dateModified":"2021-12-17T14:14:23+00:00","breadcrumb":{"@id":"https:\/\/taliboot.com\/web\/casos-exitosos\/#breadcrumb"},"inLanguage":"es","potentialAction":[{"@type":"ReadAction","target":["https:\/\/taliboot.com\/web\/casos-exitosos\/"]}]},{"@type":"BreadcrumbList","@id":"https:\/\/taliboot.com\/web\/casos-exitosos\/#breadcrumb","itemListElement":[{"@type":"ListItem","position":1,"name":"Portada","item":"https:\/\/taliboot.com\/web\/"},{"@type":"ListItem","position":2,"name":"CASOS EXITOSOS"}]},{"@type":"WebSite","@id":"https:\/\/taliboot.com\/web\/#website","url":"https:\/\/taliboot.com\/web\/","name":"TALIBOOT","description":"Bota para \u00falcera en el tal\u00f3n","potentialAction":[{"@type":"SearchAction","target":{"@type":"EntryPoint","urlTemplate":"https:\/\/taliboot.com\/web\/?s={search_term_string}"},"query-input":"required name=search_term_string"}],"inLanguage":"es"}]}},"_links":{"self":[{"href":"https:\/\/taliboot.com\/web\/wp-json\/wp\/v2\/pages\/332","targetHints":{"allow":["GET"]}}],"collection":[{"href":"https:\/\/taliboot.com\/web\/wp-json\/wp\/v2\/pages"}],"about":[{"href":"https:\/\/taliboot.com\/web\/wp-json\/wp\/v2\/types\/page"}],"author":[{"embeddable":true,"href":"https:\/\/taliboot.com\/web\/wp-json\/wp\/v2\/users\/1"}],"replies":[{"embeddable":true,"href":"https:\/\/taliboot.com\/web\/wp-json\/wp\/v2\/comments?post=332"}],"version-history":[{"count":26,"href":"https:\/\/taliboot.com\/web\/wp-json\/wp\/v2\/pages\/332\/revisions"}],"predecessor-version":[{"id":542,"href":"https:\/\/taliboot.com\/web\/wp-json\/wp\/v2\/pages\/332\/revisions\/542"}],"wp:attachment":[{"href":"https:\/\/taliboot.com\/web\/wp-json\/wp\/v2\/media?parent=332"}],"curies":[{"name":"wp","href":"https:\/\/api.w.org\/{rel}","templated":true}]}}