{"id":424,"date":"2021-12-13T21:42:32","date_gmt":"2021-12-13T21:42:32","guid":{"rendered":"https:\/\/taliboot.com\/web\/?page_id=424"},"modified":"2021-12-14T22:43:06","modified_gmt":"2021-12-14T22:43:06","slug":"caracteristicas","status":"publish","type":"page","link":"https:\/\/taliboot.com\/web\/caracteristicas\/","title":{"rendered":"CARACTER\u00cdSTICAS"},"content":{"rendered":"<p>[et_pb_section fb_built=\u00bb1&#8243; custom_padding_last_edited=\u00bbon|tablet\u00bb next_background_color=\u00bb#f4f4f4&#8243; admin_label=\u00bbHero\u00bb _builder_version=\u00bb4.14.2&#8243; use_background_color_gradient=\u00bbon\u00bb background_color_gradient_start=\u00bbrgba(1,77,183,0.9)\u00bb background_color_gradient_end=\u00bbrgba(255,255,255,0)\u00bb background_color_gradient_type=\u00bbradial\u00bb background_color_gradient_direction_radial=\u00bbtop right\u00bb background_color_gradient_start_position=\u00bb20%\u00bb background_color_gradient_overlays_image=\u00bbon\u00bb background_image=\u00bbhttps:\/\/taliboot.com\/web\/wp-content\/uploads\/2021\/05\/taliboot_uso_1920x1162.jpg\u00bb background_position=\u00bbbottom_right\u00bb custom_padding=\u00bb110px|0px|160px|0px|false|false\u00bb custom_padding_tablet=\u00bb50px||50px||true\u00bb custom_padding_phone=\u00bb|||\u00bb bottom_divider_style=\u00bbasymmetric\u00bb bottom_divider_height=\u00bb50px\u00bb bottom_divider_flip=\u00bbhorizontal\u00bb bottom_divider_height_tablet=\u00bb90px\u00bb bottom_divider_height_phone=\u00bb80px\u00bb global_colors_info=\u00bb{}\u00bb][et_pb_row column_structure=\u00bb2_5,3_5&#8243; _builder_version=\u00bb4.9.4&#8243; custom_width_px=\u00bb1280px\u00bb global_colors_info=\u00bb{}\u00bb][et_pb_column type=\u00bb2_5&#8243; _builder_version=\u00bb4.9.4&#8243; custom_padding=\u00bb|||\u00bb global_colors_info=\u00bb{}\u00bb custom_padding__hover=\u00bb|||\u00bb][\/et_pb_column][et_pb_column type=\u00bb3_5&#8243; _builder_version=\u00bb4.9.4&#8243; custom_padding=\u00bb|||\u00bb global_colors_info=\u00bb{}\u00bb custom_padding__hover=\u00bb|||\u00bb][et_pb_text _builder_version=\u00bb4.14.2&#8243; text_font=\u00bbMontserrat||||||||\u00bb text_text_color=\u00bbrgba(255,255,255,0.7)\u00bb text_font_size=\u00bb20px\u00bb text_line_height=\u00bb1.8em\u00bb header_font=\u00bbMontserrat|700|||||||\u00bb header_font_size=\u00bb44px\u00bb header_line_height=\u00bb1.4em\u00bb header_6_font=\u00bbMontserrat|600||on|||||\u00bb header_6_text_color=\u00bbrgba(255,255,255,0.7)\u00bb header_6_font_size=\u00bb16px\u00bb header_6_letter_spacing=\u00bb2px\u00bb header_6_line_height=\u00bb1.5em\u00bb background_layout=\u00bbdark\u00bb custom_padding=\u00bb41px||||false|false\u00bb text_font_size_tablet=\u00bb\u00bb text_font_size_phone=\u00bb15px\u00bb text_font_size_last_edited=\u00bbon|phone\u00bb header_font_size_tablet=\u00bb\u00bb header_font_size_phone=\u00bb28px\u00bb header_font_size_last_edited=\u00bbon|phone\u00bb global_colors_info=\u00bb{}\u00bb]<\/p>\n<h1 style=\"text-align: center;\"><\/h1>\n<h1 style=\"text-align: center;\">CARACTER\u00cdSTICAS<\/h1>\n<p>[\/et_pb_text][\/et_pb_column][\/et_pb_row][\/et_pb_section][et_pb_section fb_built=\u00bb1&#8243; admin_label=\u00bbLogin\u00bb _builder_version=\u00bb4.9.4&#8243; background_color=\u00bb#f4f4f4&#8243; background_image=\u00bbhttps:\/\/taliboot.com\/web\/wp-content\/uploads\/2021\/05\/fondo_diseno_gris_degradado.png\u00bb background_size=\u00bbcontain\u00bb background_position=\u00bbtop_center\u00bb custom_padding=\u00bb|||\u00bb global_colors_info=\u00bb{}\u00bb][et_pb_row _builder_version=\u00bb4.9.4&#8243; _module_preset=\u00bbdefault\u00bb global_colors_info=\u00bb{}\u00bb][et_pb_column type=\u00bb4_4&#8243; _builder_version=\u00bb4.9.4&#8243; _module_preset=\u00bbdefault\u00bb global_colors_info=\u00bb{}\u00bb][et_pb_text _builder_version=\u00bb4.14.2&#8243; _module_preset=\u00bbdefault\u00bb text_text_color=\u00bb#254597&#8243; text_font_size=\u00bb20px\u00bb animation_style=\u00bbslide\u00bb animation_direction=\u00bbleft\u00bb animation_duration=\u00bb2000ms\u00bb global_colors_info=\u00bb{}\u00bb]<\/p>\n<p style=\"text-align: justify;\"><strong>INFORMACION IMPORTANTE DE USO DE LA BOTA TALI <\/strong><\/p>\n<p>[\/et_pb_text][et_pb_text _builder_version=\u00bb4.14.2&#8243; _module_preset=\u00bbdefault\u00bb animation_style=\u00bbslide\u00bb animation_direction=\u00bbleft\u00bb animation_duration=\u00bb2000ms\u00bb global_colors_info=\u00bb{}\u00bb]<\/p>\n<p style=\"text-align: justify;\">Para la \u00f3ptima funci\u00f3n y disminuci\u00f3n de lesiones por uso inadecuado de este dispositivo, se deben leer y acatar las siguientes recomendaciones para el uso de la Bota TALI.<\/p>\n<p style=\"text-align: justify;\">La National Pressure Ulcer Advisory panel, La European Pressure Ulcer Advisory Panel y la Pan Pacific Pressure Injury Alliance, recomiendan que los pacientes con ulceras en tal\u00f3n o a riesgo de ello, no deben tener el tal\u00f3n en contacto con ninguna superficie y se debe mantener al aire (1)<\/p>\n<p>[\/et_pb_text][\/et_pb_column][\/et_pb_row][et_pb_row _builder_version=\u00bb4.9.4&#8243; _module_preset=\u00bbdefault\u00bb global_colors_info=\u00bb{}\u00bb][et_pb_column type=\u00bb4_4&#8243; _builder_version=\u00bb4.9.4&#8243; _module_preset=\u00bbdefault\u00bb global_colors_info=\u00bb{}\u00bb][et_pb_text _builder_version=\u00bb4.14.2&#8243; _module_preset=\u00bbdefault\u00bb text_text_color=\u00bb#254597&#8243; text_font_size=\u00bb20px\u00bb animation_style=\u00bbslide\u00bb animation_direction=\u00bbright\u00bb animation_duration=\u00bb2000ms\u00bb global_colors_info=\u00bb{}\u00bb]<\/p>\n<p style=\"text-align: justify;\"><strong>CARACTER\u00cdSTICAS DE LA BOTA TALI<\/strong><\/p>\n<p>[\/et_pb_text][et_pb_text _builder_version=\u00bb4.14.2&#8243; _module_preset=\u00bbdefault\u00bb animation_style=\u00bbslide\u00bb animation_direction=\u00bbright\u00bb animation_duration=\u00bb2000ms\u00bb global_colors_info=\u00bb{}\u00bb]<\/p>\n<p style=\"text-align: justify;\">La bota TALI es un dispositivo hecho de espuma de poliuretano cubierta de una tela antifluido con dos velcros de ajuste, con m\u00faltiples orificios de aireaci\u00f3n y una zona de apoyo para la pierna con \u00e1reas especializadas para redistribuci\u00f3n del peso de la pantorrilla y elevaci\u00f3n del tal\u00f3n; igualmente previene la aparici\u00f3n de pie ca\u00eddo.<\/p>\n<p>[\/et_pb_text][\/et_pb_column][\/et_pb_row][et_pb_row _builder_version=\u00bb4.9.4&#8243; _module_preset=\u00bbdefault\u00bb global_colors_info=\u00bb{}\u00bb][et_pb_column type=\u00bb4_4&#8243; _builder_version=\u00bb4.9.4&#8243; _module_preset=\u00bbdefault\u00bb global_colors_info=\u00bb{}\u00bb][et_pb_text _builder_version=\u00bb4.14.2&#8243; _module_preset=\u00bbdefault\u00bb text_text_color=\u00bb#254597&#8243; text_font_size=\u00bb20px\u00bb animation_style=\u00bbslide\u00bb animation_direction=\u00bbleft\u00bb animation_duration=\u00bb2000ms\u00bb global_colors_info=\u00bb{}\u00bb]<\/p>\n<p style=\"text-align: justify;\"><strong>INDICACIONES<\/strong><\/p>\n<p>[\/et_pb_text][et_pb_text _builder_version=\u00bb4.14.2&#8243; _module_preset=\u00bbdefault\u00bb animation_style=\u00bbslide\u00bb animation_direction=\u00bbleft\u00bb animation_duration=\u00bb2000ms\u00bb hover_enabled=\u00bb0&#8243; global_colors_info=\u00bb{}\u00bb sticky_enabled=\u00bb0&#8243;]<\/p>\n<ul>\n<li style=\"list-style-type: none;\">\n<ul>\n<li style=\"list-style-type: none;\">\n<ul>\n<li style=\"text-align: justify;\">Tratamiento de Ulceras por presi\u00f3n en tal\u00f3n.<\/li>\n<li style=\"text-align: justify;\">Ulceras maleolares<\/li>\n<li style=\"text-align: justify;\">Prevenci\u00f3n de ulceras por presi\u00f3n en tal\u00f3n<\/li>\n<li style=\"text-align: justify;\">Otras lesiones en tal\u00f3n o planta del pie que requieran la eliminaci\u00f3n de presi\u00f3n y contacto con superficies de apoyo (cama o silla)<\/li>\n<\/ul>\n<\/li>\n<\/ul>\n<\/li>\n<\/ul>\n<p>[\/et_pb_text][et_pb_text _builder_version=\u00bb4.14.2&#8243; _module_preset=\u00bbdefault\u00bb animation_style=\u00bbslide\u00bb animation_direction=\u00bbleft\u00bb animation_duration=\u00bb2000ms\u00bb global_colors_info=\u00bb{}\u00bb]<\/p>\n<p style=\"text-align: justify;\">Es muy importante anotar que solo los dispositivos de prevenci\u00f3n de ulceraciones por presi\u00f3n, como la bota TALI, no son la \u00fanica medida de prevenci\u00f3n (2,3); los cambios de posici\u00f3n y revisi\u00f3n de la bota deben hacerse cada 6 a 8 horas, verificando las caracter\u00edsticas de la piel de la pierna y pie; temperatura, color, sensibilidad y zonas de presi\u00f3n secundarias.<\/p>\n<p>[\/et_pb_text][et_pb_text _builder_version=\u00bb4.14.2&#8243; _module_preset=\u00bbdefault\u00bb text_text_color=\u00bb#254597&#8243; text_font_size=\u00bb20px\u00bb animation_style=\u00bbslide\u00bb animation_direction=\u00bbright\u00bb animation_duration=\u00bb2000ms\u00bb global_colors_info=\u00bb{}\u00bb]<\/p>\n<p style=\"text-align: justify;\"><strong>BENEFICIOS DE LA BOTA TALI<\/strong><\/p>\n<p>[\/et_pb_text][et_pb_text _builder_version=\u00bb4.14.2&#8243; _module_preset=\u00bbdefault\u00bb animation_style=\u00bbslide\u00bb animation_direction=\u00bbright\u00bb animation_duration=\u00bb2000ms\u00bb global_colors_info=\u00bb{}\u00bb]<\/p>\n<p style=\"text-align: justify; padding-left: 40px;\">1. Completa eliminaci\u00f3n de la presi\u00f3n sobre el tal\u00f3n<br \/>2. Soporte ideal para el pie, evitando pie ca\u00eddo<br \/>3. Presencia de m\u00faltiples orificios de ventilaci\u00f3n y superficie corrugada que estimula una aireaci\u00f3n adecuada y disminuci\u00f3n de persipracion<br \/>4. Permite movilidad de la extremidad del paciente, en flexi\u00f3n y extensi\u00f3n de la pierna y pie, disminuyendo riesgo de trombosis venosa<br \/>5. Segura, no genera ulceraciones o da\u00f1os secundarios<br \/>6. Es ajustable, gracias a dos velcros<br \/>7. Evita la hiperextensi\u00f3n del pie<br \/>8. Permite evaluaci\u00f3n visual del tal\u00f3n<br \/>9. Permite la acomodaci\u00f3n de vendajes, tubos de drenaje y sistema de presi\u00f3n negativa<\/p>\n<p>[\/et_pb_text][\/et_pb_column][\/et_pb_row][et_pb_row _builder_version=\u00bb4.14.2&#8243; _module_preset=\u00bbdefault\u00bb animation_style=\u00bbslide\u00bb animation_direction=\u00bbleft\u00bb animation_duration=\u00bb2200ms\u00bb global_colors_info=\u00bb{}\u00bb][et_pb_column type=\u00bb4_4&#8243; _builder_version=\u00bb4.14.2&#8243; _module_preset=\u00bbdefault\u00bb global_colors_info=\u00bb{}\u00bb][et_pb_slider arrows_custom_color=\u00bb#254597&#8243; _builder_version=\u00bb4.14.2&#8243; _module_preset=\u00bbdefault\u00bb global_colors_info=\u00bb{}\u00bb][et_pb_slide use_text_overlay=\u00bbon\u00bb text_overlay_color=\u00bbrgba(37,69,151,0.55)\u00bb text_border_radius=\u00bb10px\u00bb _builder_version=\u00bb4.14.2&#8243; _module_preset=\u00bbdefault\u00bb background_enable_color=\u00bboff\u00bb background_image=\u00bbhttps:\/\/taliboot.com\/web\/wp-content\/uploads\/2021\/12\/Bota_Tali_Anexo_1_Imagen1.jpg\u00bb background_enable_image=\u00bbon\u00bb background_size=\u00bbcontain\u00bb custom_padding=\u00bb300px||0px||false|false\u00bb border_radii_image=\u00bbon|10px|10px|10px|10px\u00bb global_colors_info=\u00bb{}\u00bb sticky_transition=\u00bbon\u00bb]<\/p>\n<p style=\"text-align: justify;\">Bota de espuma vista lateral con dos orificios de ventilacion laterales y superficie corrigada para disminuir lesiones, dar confortabilidad y aireacion a la extremidad<\/p>\n<p>[\/et_pb_slide][et_pb_slide use_text_overlay=\u00bbon\u00bb text_overlay_color=\u00bbrgba(37,69,151,0.55)\u00bb text_border_radius=\u00bb10px\u00bb _builder_version=\u00bb4.14.2&#8243; _module_preset=\u00bbdefault\u00bb background_enable_color=\u00bboff\u00bb background_image=\u00bbhttps:\/\/taliboot.com\/web\/wp-content\/uploads\/2021\/12\/Bota_Tali_Anexo_1_Imagen2.jpg\u00bb background_enable_image=\u00bbon\u00bb background_size=\u00bbcontain\u00bb custom_padding=\u00bb300px||0px||false|false\u00bb global_colors_info=\u00bb{}\u00bb sticky_transition=\u00bbon\u00bb]<\/p>\n<p style=\"text-align: justify;\">Vista anteriror de la espuma, donde se puede ver orifico en la parte delantera abierto para alojar el talon y evitar que no toque ninguna superficie y tercer orificio de ventilacion y aireacion.<\/p>\n<p>[\/et_pb_slide][et_pb_slide use_text_overlay=\u00bbon\u00bb text_overlay_color=\u00bbrgba(37,69,151,0.55)\u00bb text_border_radius=\u00bb10px\u00bb _builder_version=\u00bb4.14.2&#8243; _module_preset=\u00bbdefault\u00bb background_enable_color=\u00bboff\u00bb background_image=\u00bbhttps:\/\/taliboot.com\/web\/wp-content\/uploads\/2021\/12\/Bota_Tali_Anexo_1_Imagen3.jpg\u00bb background_enable_image=\u00bbon\u00bb background_size=\u00bbcontain\u00bb custom_padding=\u00bb300px||0px||false|false\u00bb global_colors_info=\u00bb{}\u00bb sticky_transition=\u00bbon\u00bb]<\/p>\n<p style=\"text-align: justify;\">Forro de tela impermeable antifluidos con 3 espacios que corresponden a las zonas de aireacion de la bota, y dos velcros que se usan para su fijacion<\/p>\n<p>[\/et_pb_slide][et_pb_slide use_text_overlay=\u00bbon\u00bb text_overlay_color=\u00bbrgba(37,69,151,0.55)\u00bb text_border_radius=\u00bb10px\u00bb _builder_version=\u00bb4.14.2&#8243; _module_preset=\u00bbdefault\u00bb background_enable_color=\u00bboff\u00bb background_image=\u00bbhttps:\/\/taliboot.com\/web\/wp-content\/uploads\/2021\/12\/Bota_Tali_Anexo_1_Imagen4.jpg\u00bb background_enable_image=\u00bbon\u00bb background_size=\u00bbcontain\u00bb custom_padding=\u00bb300px||0px||false|false\u00bb global_colors_info=\u00bb{}\u00bb sticky_transition=\u00bbon\u00bb]<\/p>\n<p style=\"text-align: justify;\">Espuma vestida con el forro con velcros abiertos para permitir la entrada de la extremidad a la bota y acomodarla para su correcta posici\u00f3n<\/p>\n<p>[\/et_pb_slide][et_pb_slide use_text_overlay=\u00bbon\u00bb text_overlay_color=\u00bbrgba(37,69,151,0.55)\u00bb text_border_radius=\u00bb10px\u00bb _builder_version=\u00bb4.14.2&#8243; _module_preset=\u00bbdefault\u00bb background_enable_color=\u00bboff\u00bb background_image=\u00bbhttps:\/\/taliboot.com\/web\/wp-content\/uploads\/2021\/12\/Bota_Tali_Anexo_1_Imagen5.jpg\u00bb background_enable_image=\u00bbon\u00bb background_size=\u00bbcontain\u00bb custom_padding=\u00bb300px||0px||false|false\u00bb global_colors_info=\u00bb{}\u00bb sticky_transition=\u00bbon\u00bb]<\/p>\n<p style=\"text-align: justify;\">Vista lateral de bota ya vestida con el forro y cerrada , ajustando los velcros<\/p>\n<p>[\/et_pb_slide][et_pb_slide use_text_overlay=\u00bbon\u00bb text_overlay_color=\u00bbrgba(37,69,151,0.55)\u00bb text_border_radius=\u00bb10px\u00bb _builder_version=\u00bb4.14.2&#8243; _module_preset=\u00bbdefault\u00bb background_enable_color=\u00bboff\u00bb background_image=\u00bbhttps:\/\/taliboot.com\/web\/wp-content\/uploads\/2021\/12\/Bota_Tali_Anexo_1_Imagen6.jpg\u00bb background_enable_image=\u00bbon\u00bb background_size=\u00bbcontain\u00bb custom_padding=\u00bb300px||0px||false|false\u00bb global_colors_info=\u00bb{}\u00bb sticky_transition=\u00bbon\u00bb]<\/p>\n<p style=\"text-align: justify;\">Vista superior de la bota , con forro y ajuste de velcros<\/p>\n<p>[\/et_pb_slide][\/et_pb_slider][\/et_pb_column][\/et_pb_row][et_pb_row _builder_version=\u00bb4.14.2&#8243; _module_preset=\u00bbdefault\u00bb animation_style=\u00bbslide\u00bb animation_direction=\u00bbright\u00bb animation_duration=\u00bb2200ms\u00bb global_colors_info=\u00bb{}\u00bb][et_pb_column type=\u00bb4_4&#8243; _builder_version=\u00bb4.14.2&#8243; _module_preset=\u00bbdefault\u00bb global_colors_info=\u00bb{}\u00bb][et_pb_gallery gallery_ids=\u00bb441,442,443,444,445,446&#8243; posts_number=\u00bb6&#8243; show_title_and_caption=\u00bboff\u00bb show_pagination=\u00bboff\u00bb _builder_version=\u00bb4.14.2&#8243; _module_preset=\u00bbdefault\u00bb border_radii=\u00bbon|10px|10px|10px|10px\u00bb global_colors_info=\u00bb{}\u00bb][\/et_pb_gallery][\/et_pb_column][\/et_pb_row][et_pb_row _builder_version=\u00bb4.9.4&#8243; _module_preset=\u00bbdefault\u00bb global_colors_info=\u00bb{}\u00bb][et_pb_column type=\u00bb4_4&#8243; _builder_version=\u00bb4.9.4&#8243; _module_preset=\u00bbdefault\u00bb global_colors_info=\u00bb{}\u00bb][et_pb_text _builder_version=\u00bb4.14.2&#8243; _module_preset=\u00bbdefault\u00bb text_font_size=\u00bb11px\u00bb animation_style=\u00bbslide\u00bb animation_direction=\u00bbleft\u00bb animation_duration=\u00bb2000ms\u00bb global_colors_info=\u00bb{}\u00bb]<\/p>\n<p style=\"text-align: justify;\">1. EPUAP\/NPUAP\/PPPIA (National Pressure Ulcer Advisory Panel, European Pressure Ulcer Advisory Panel and Pan Injury Alliance). In: Haesler E, ed. Prevention and Treatment of Pressure Ulcers: Quick Reference Guide. Perth, Australia: Cambridge Pacific Pressure Media, 2014. https:\/\/www.npuap .org\/wp-content\/uploads\/2014\/08\/Updated-10-16- 14-Quick-Reference-Guide-DIGITAL-NPUAP-EPUAPPPPIA- 16Oct2014.pdf (last accessed February 21, 2019).<\/p>\n<p style=\"text-align: justify;\">2. Rosie Clegg, Simon Palfreyman Elevation devices for the prevention of heel pressure ulcers: a review British Journal of Nursing, 2014 (Tissue Viability Supplement), Vol 23, No 20.<\/p>\n<p style=\"text-align: justify;\">3. Junkin J, Gray M (2009) Are pressure redistribution surfaces or heel protection devices effective for preventing heel pressure ulcers? J Wound Ostomy Continence Nurs 36(6): 602\u20138. doi: 10.1097\/WON.0b013e3181be282f<\/p>\n<p>[\/et_pb_text][\/et_pb_column][\/et_pb_row][\/et_pb_section]<\/p>\n","protected":false},"excerpt":{"rendered":"<p>CARACTER\u00cdSTICASINFORMACION IMPORTANTE DE USO DE LA BOTA TALI Para la \u00f3ptima funci\u00f3n y disminuci\u00f3n de lesiones por uso inadecuado de este dispositivo, se deben leer y acatar las siguientes recomendaciones para el uso de la Bota TALI. La National Pressure Ulcer Advisory panel, La European Pressure Ulcer Advisory Panel y la Pan Pacific Pressure Injury [&hellip;]<\/p>\n","protected":false},"author":1,"featured_media":0,"parent":0,"menu_order":0,"comment_status":"closed","ping_status":"closed","template":"","meta":{"_et_pb_use_builder":"on","_et_pb_old_content":"","_et_gb_content_width":"","footnotes":""},"class_list":["post-424","page","type-page","status-publish","hentry"],"yoast_head":"<!-- This site is optimized with the Yoast SEO plugin v22.8 - https:\/\/yoast.com\/wordpress\/plugins\/seo\/ -->\n<title>CARACTER\u00cdSTICAS - TALIBOOT<\/title>\n<meta name=\"robots\" content=\"index, follow, max-snippet:-1, max-image-preview:large, max-video-preview:-1\" \/>\n<link rel=\"canonical\" href=\"https:\/\/taliboot.com\/web\/caracteristicas\/\" \/>\n<meta property=\"og:locale\" content=\"es_ES\" \/>\n<meta property=\"og:type\" content=\"article\" \/>\n<meta property=\"og:title\" content=\"CARACTER\u00cdSTICAS - TALIBOOT\" \/>\n<meta property=\"og:description\" content=\"CARACTER\u00cdSTICASINFORMACION IMPORTANTE DE USO DE LA BOTA TALI Para la \u00f3ptima funci\u00f3n y disminuci\u00f3n de lesiones por uso inadecuado de este dispositivo, se deben leer y acatar las siguientes recomendaciones para el uso de la Bota TALI. La National Pressure Ulcer Advisory panel, La European Pressure Ulcer Advisory Panel y la Pan Pacific Pressure Injury [&hellip;]\" \/>\n<meta property=\"og:url\" content=\"https:\/\/taliboot.com\/web\/caracteristicas\/\" \/>\n<meta property=\"og:site_name\" content=\"TALIBOOT\" \/>\n<meta property=\"article:modified_time\" content=\"2021-12-14T22:43:06+00:00\" \/>\n<meta name=\"twitter:card\" content=\"summary_large_image\" \/>\n<meta name=\"twitter:label1\" content=\"Tiempo de lectura\" \/>\n\t<meta name=\"twitter:data1\" content=\"9 minutos\" \/>\n<script type=\"application\/ld+json\" class=\"yoast-schema-graph\">{\"@context\":\"https:\/\/schema.org\",\"@graph\":[{\"@type\":\"WebPage\",\"@id\":\"https:\/\/taliboot.com\/web\/caracteristicas\/\",\"url\":\"https:\/\/taliboot.com\/web\/caracteristicas\/\",\"name\":\"CARACTER\u00cdSTICAS - TALIBOOT\",\"isPartOf\":{\"@id\":\"https:\/\/taliboot.com\/web\/#website\"},\"datePublished\":\"2021-12-13T21:42:32+00:00\",\"dateModified\":\"2021-12-14T22:43:06+00:00\",\"breadcrumb\":{\"@id\":\"https:\/\/taliboot.com\/web\/caracteristicas\/#breadcrumb\"},\"inLanguage\":\"es\",\"potentialAction\":[{\"@type\":\"ReadAction\",\"target\":[\"https:\/\/taliboot.com\/web\/caracteristicas\/\"]}]},{\"@type\":\"BreadcrumbList\",\"@id\":\"https:\/\/taliboot.com\/web\/caracteristicas\/#breadcrumb\",\"itemListElement\":[{\"@type\":\"ListItem\",\"position\":1,\"name\":\"Portada\",\"item\":\"https:\/\/taliboot.com\/web\/\"},{\"@type\":\"ListItem\",\"position\":2,\"name\":\"CARACTER\u00cdSTICAS\"}]},{\"@type\":\"WebSite\",\"@id\":\"https:\/\/taliboot.com\/web\/#website\",\"url\":\"https:\/\/taliboot.com\/web\/\",\"name\":\"TALIBOOT\",\"description\":\"Bota para \u00falcera en el tal\u00f3n\",\"potentialAction\":[{\"@type\":\"SearchAction\",\"target\":{\"@type\":\"EntryPoint\",\"urlTemplate\":\"https:\/\/taliboot.com\/web\/?s={search_term_string}\"},\"query-input\":\"required name=search_term_string\"}],\"inLanguage\":\"es\"}]}<\/script>\n<!-- \/ Yoast SEO plugin. -->","yoast_head_json":{"title":"CARACTER\u00cdSTICAS - TALIBOOT","robots":{"index":"index","follow":"follow","max-snippet":"max-snippet:-1","max-image-preview":"max-image-preview:large","max-video-preview":"max-video-preview:-1"},"canonical":"https:\/\/taliboot.com\/web\/caracteristicas\/","og_locale":"es_ES","og_type":"article","og_title":"CARACTER\u00cdSTICAS - TALIBOOT","og_description":"CARACTER\u00cdSTICASINFORMACION IMPORTANTE DE USO DE LA BOTA TALI Para la \u00f3ptima funci\u00f3n y disminuci\u00f3n de lesiones por uso inadecuado de este dispositivo, se deben leer y acatar las siguientes recomendaciones para el uso de la Bota TALI. La National Pressure Ulcer Advisory panel, La European Pressure Ulcer Advisory Panel y la Pan Pacific Pressure Injury [&hellip;]","og_url":"https:\/\/taliboot.com\/web\/caracteristicas\/","og_site_name":"TALIBOOT","article_modified_time":"2021-12-14T22:43:06+00:00","twitter_card":"summary_large_image","twitter_misc":{"Tiempo de lectura":"9 minutos"},"schema":{"@context":"https:\/\/schema.org","@graph":[{"@type":"WebPage","@id":"https:\/\/taliboot.com\/web\/caracteristicas\/","url":"https:\/\/taliboot.com\/web\/caracteristicas\/","name":"CARACTER\u00cdSTICAS - TALIBOOT","isPartOf":{"@id":"https:\/\/taliboot.com\/web\/#website"},"datePublished":"2021-12-13T21:42:32+00:00","dateModified":"2021-12-14T22:43:06+00:00","breadcrumb":{"@id":"https:\/\/taliboot.com\/web\/caracteristicas\/#breadcrumb"},"inLanguage":"es","potentialAction":[{"@type":"ReadAction","target":["https:\/\/taliboot.com\/web\/caracteristicas\/"]}]},{"@type":"BreadcrumbList","@id":"https:\/\/taliboot.com\/web\/caracteristicas\/#breadcrumb","itemListElement":[{"@type":"ListItem","position":1,"name":"Portada","item":"https:\/\/taliboot.com\/web\/"},{"@type":"ListItem","position":2,"name":"CARACTER\u00cdSTICAS"}]},{"@type":"WebSite","@id":"https:\/\/taliboot.com\/web\/#website","url":"https:\/\/taliboot.com\/web\/","name":"TALIBOOT","description":"Bota para \u00falcera en el tal\u00f3n","potentialAction":[{"@type":"SearchAction","target":{"@type":"EntryPoint","urlTemplate":"https:\/\/taliboot.com\/web\/?s={search_term_string}"},"query-input":"required name=search_term_string"}],"inLanguage":"es"}]}},"_links":{"self":[{"href":"https:\/\/taliboot.com\/web\/wp-json\/wp\/v2\/pages\/424","targetHints":{"allow":["GET"]}}],"collection":[{"href":"https:\/\/taliboot.com\/web\/wp-json\/wp\/v2\/pages"}],"about":[{"href":"https:\/\/taliboot.com\/web\/wp-json\/wp\/v2\/types\/page"}],"author":[{"embeddable":true,"href":"https:\/\/taliboot.com\/web\/wp-json\/wp\/v2\/users\/1"}],"replies":[{"embeddable":true,"href":"https:\/\/taliboot.com\/web\/wp-json\/wp\/v2\/comments?post=424"}],"version-history":[{"count":42,"href":"https:\/\/taliboot.com\/web\/wp-json\/wp\/v2\/pages\/424\/revisions"}],"predecessor-version":[{"id":535,"href":"https:\/\/taliboot.com\/web\/wp-json\/wp\/v2\/pages\/424\/revisions\/535"}],"wp:attachment":[{"href":"https:\/\/taliboot.com\/web\/wp-json\/wp\/v2\/media?parent=424"}],"curies":[{"name":"wp","href":"https:\/\/api.w.org\/{rel}","templated":true}]}}