{"id":577,"date":"2024-03-25T20:38:45","date_gmt":"2024-03-25T20:38:45","guid":{"rendered":"https:\/\/taliboot.com\/web\/?page_id=577"},"modified":"2024-05-31T00:05:30","modified_gmt":"2024-05-31T00:05:30","slug":"medias-de-compresion-graduada","status":"publish","type":"page","link":"https:\/\/taliboot.com\/web\/medias-de-compresion-graduada\/","title":{"rendered":"MEDIAS DE COMPRESI\u00d3N GRADUADA"},"content":{"rendered":"<p>[et_pb_section fb_built=\u00bb1&#8243; custom_padding_last_edited=\u00bbon|tablet\u00bb next_background_color=\u00bb#f4f4f4&#8243; admin_label=\u00bbHero\u00bb _builder_version=\u00bb4.24.2&#8243; use_background_color_gradient=\u00bbon\u00bb background_color_gradient_type=\u00bbcircular\u00bb background_color_gradient_direction_radial=\u00bbtop right\u00bb background_color_gradient_stops=\u00bbrgba(1,77,183,0.9) 20%|rgba(255,255,255,0) 100%\u00bb background_color_gradient_overlays_image=\u00bbon\u00bb background_color_gradient_start=\u00bbrgba(1,77,183,0.9)\u00bb background_color_gradient_start_position=\u00bb20%\u00bb background_color_gradient_end=\u00bbrgba(255,255,255,0)\u00bb background_image=\u00bbhttps:\/\/taliboot.com\/web\/wp-content\/uploads\/2024\/03\/VERTICAL_0029_DSC07911_1500x2250.jpg\u00bb custom_padding=\u00bb110px|0px|160px|0px|false|false\u00bb custom_padding_tablet=\u00bb50px||50px||true\u00bb custom_padding_phone=\u00bb|||\u00bb bottom_divider_style=\u00bbasymmetric\u00bb bottom_divider_height=\u00bb50px\u00bb bottom_divider_flip=\u00bbhorizontal\u00bb bottom_divider_height_tablet=\u00bb90px\u00bb bottom_divider_height_phone=\u00bb80px\u00bb global_colors_info=\u00bb{}\u00bb][et_pb_row column_structure=\u00bb2_5,3_5&#8243; _builder_version=\u00bb4.16&#8243; custom_width_px=\u00bb1280px\u00bb global_colors_info=\u00bb{}\u00bb][et_pb_column type=\u00bb2_5&#8243; _builder_version=\u00bb4.16&#8243; custom_padding=\u00bb|||\u00bb global_colors_info=\u00bb{}\u00bb custom_padding__hover=\u00bb|||\u00bb][\/et_pb_column][et_pb_column type=\u00bb3_5&#8243; _builder_version=\u00bb4.16&#8243; custom_padding=\u00bb|||\u00bb global_colors_info=\u00bb{}\u00bb custom_padding__hover=\u00bb|||\u00bb][et_pb_text _builder_version=\u00bb4.24.2&#8243; text_font=\u00bbMontserrat||||||||\u00bb text_text_color=\u00bbrgba(255,255,255,0.7)\u00bb text_font_size=\u00bb20px\u00bb text_line_height=\u00bb1.8em\u00bb header_font=\u00bbMontserrat|700|||||||\u00bb header_font_size=\u00bb44px\u00bb header_line_height=\u00bb1.4em\u00bb header_6_font=\u00bbMontserrat|600||on|||||\u00bb header_6_text_color=\u00bbrgba(255,255,255,0.7)\u00bb header_6_font_size=\u00bb16px\u00bb header_6_letter_spacing=\u00bb2px\u00bb header_6_line_height=\u00bb1.5em\u00bb background_layout=\u00bbdark\u00bb custom_padding=\u00bb41px||||false|false\u00bb text_font_size_tablet=\u00bb\u00bb text_font_size_phone=\u00bb15px\u00bb text_font_size_last_edited=\u00bbon|phone\u00bb header_font_size_tablet=\u00bb\u00bb header_font_size_phone=\u00bb28px\u00bb header_font_size_last_edited=\u00bbon|phone\u00bb global_colors_info=\u00bb{}\u00bb]<\/p>\n<h1 style=\"text-align: center;\"><\/h1>\n<h1 style=\"text-align: center;\">MEDIAS DE COMPRESI\u00d3N GRADUADA<\/h1>\n<p>[\/et_pb_text][\/et_pb_column][\/et_pb_row][\/et_pb_section][et_pb_section fb_built=\u00bb1&#8243; admin_label=\u00bbLogin\u00bb _builder_version=\u00bb4.16&#8243; background_color=\u00bb#f4f4f4&#8243; background_image=\u00bbhttps:\/\/taliboot.com\/web\/wp-content\/uploads\/2021\/05\/fondo_diseno_gris_degradado.png\u00bb background_size=\u00bbcontain\u00bb background_position=\u00bbtop_center\u00bb custom_padding=\u00bb|||\u00bb global_colors_info=\u00bb{}\u00bb][et_pb_row _builder_version=\u00bb4.16&#8243; _module_preset=\u00bbdefault\u00bb global_colors_info=\u00bb{}\u00bb][et_pb_column type=\u00bb4_4&#8243; _builder_version=\u00bb4.16&#8243; _module_preset=\u00bbdefault\u00bb global_colors_info=\u00bb{}\u00bb][et_pb_text _builder_version=\u00bb4.25.1&#8243; _module_preset=\u00bbdefault\u00bb text_text_color=\u00bb#254597&#8243; text_font_size=\u00bb20px\u00bb animation_style=\u00bbslide\u00bb animation_direction=\u00bbleft\u00bb animation_duration=\u00bb2000ms\u00bb hover_enabled=\u00bb0&#8243; global_colors_info=\u00bb{}\u00bb sticky_enabled=\u00bb0&#8243;]<\/p>\n<p style=\"text-align: justify;\"><strong>MEDIAS DE COMPRESI\u00d3N GRADUADA PARA TU D\u00cdA A D\u00cdA EN COLORES VARIOS<\/strong><\/p>\n<p>[\/et_pb_text][et_pb_text _builder_version=\u00bb4.24.2&#8243; _module_preset=\u00bbdefault\u00bb animation_style=\u00bbslide\u00bb animation_direction=\u00bbleft\u00bb animation_duration=\u00bb2000ms\u00bb global_colors_info=\u00bb{}\u00bb]<\/p>\n<p style=\"text-align: justify;\">Medias de compresi\u00f3n graduada ideales para hombres y mujeres con vena v\u00e1rice o con predisposici\u00f3n a ella, deportistas, diab\u00e9ticos, personal de la salud (enfermeros, enfermeras, m\u00e9dicos generales, cirujanos, entre otros), viajeros, y profesionales de otros oficios en los que se requieren de posici\u00f3n sentada o de pie por tiempo prolongado, ayudan al control de ara\u00f1itas \/ telangiectasias.<\/p>\n<p style=\"text-align: justify;\">Alivian s\u00edntomas como cansancio, calambres, dolor, pesadez e inflamaci\u00f3n en las piernas y previenen \u00falceras y enfermedad tromb\u00f3tica venosa (Trombosis Venosa Profunda).<\/p>\n<p>[\/et_pb_text][\/et_pb_column][\/et_pb_row][et_pb_row column_structure=\u00bb1_2,1_2&#8243; _builder_version=\u00bb4.24.2&#8243; _module_preset=\u00bbdefault\u00bb global_colors_info=\u00bb{}\u00bb][et_pb_column type=\u00bb1_2&#8243; _builder_version=\u00bb4.16&#8243; _module_preset=\u00bbdefault\u00bb global_colors_info=\u00bb{}\u00bb][et_pb_text _builder_version=\u00bb4.24.2&#8243; _module_preset=\u00bbdefault\u00bb text_text_color=\u00bb#254597&#8243; text_font_size=\u00bb20px\u00bb animation_style=\u00bbslide\u00bb animation_direction=\u00bbright\u00bb animation_duration=\u00bb2000ms\u00bb global_colors_info=\u00bb{}\u00bb]<\/p>\n<p style=\"text-align: justify;\"><strong>CARACTER\u00cdSTICAS<\/strong><\/p>\n<p>[\/et_pb_text][et_pb_text _builder_version=\u00bb4.24.2&#8243; _module_preset=\u00bbdefault\u00bb animation_style=\u00bbslide\u00bb animation_direction=\u00bbright\u00bb animation_duration=\u00bb2000ms\u00bb global_colors_info=\u00bb{}\u00bb]<\/p>\n<ul>\n<li style=\"text-align: justify;\">Fabricadas en Microfibra<\/li>\n<li style=\"text-align: justify;\">Malla de ventilaci\u00f3n<\/li>\n<li style=\"text-align: justify;\">Tal\u00f3n y puntera reforzados<\/li>\n<li style=\"text-align: justify;\">M\u00e1xima duraci\u00f3n<\/li>\n<\/ul>\n<p>[\/et_pb_text][\/et_pb_column][et_pb_column type=\u00bb1_2&#8243; _builder_version=\u00bb4.24.2&#8243; _module_preset=\u00bbdefault\u00bb global_colors_info=\u00bb{}\u00bb][et_pb_gallery gallery_ids=\u00bb597,598,599,600&#8243; show_title_and_caption=\u00bboff\u00bb show_pagination=\u00bboff\u00bb zoom_icon_color=\u00bb#254597&#8243; hover_overlay_color=\u00bbrgba(37,69,151,0.37)\u00bb _builder_version=\u00bb4.24.2&#8243; _module_preset=\u00bbdefault\u00bb animation_style=\u00bbslide\u00bb animation_direction=\u00bbright\u00bb animation_duration=\u00bb2000ms\u00bb border_radii=\u00bbon|10px|10px|10px|10px\u00bb global_colors_info=\u00bb{}\u00bb][\/et_pb_gallery][\/et_pb_column][\/et_pb_row][et_pb_row column_structure=\u00bb1_2,1_2&#8243; _builder_version=\u00bb4.24.2&#8243; _module_preset=\u00bbdefault\u00bb global_colors_info=\u00bb{}\u00bb][et_pb_column type=\u00bb1_2&#8243; _builder_version=\u00bb4.16&#8243; _module_preset=\u00bbdefault\u00bb global_colors_info=\u00bb{}\u00bb][et_pb_text _builder_version=\u00bb4.25.1&#8243; _module_preset=\u00bbdefault\u00bb text_text_color=\u00bb#254597&#8243; text_font_size=\u00bb20px\u00bb animation_style=\u00bbslide\u00bb animation_direction=\u00bbleft\u00bb animation_duration=\u00bb2000ms\u00bb global_colors_info=\u00bb{}\u00bb]<\/p>\n<p style=\"text-align: justify;\"><strong>BENEFICIOS DE LAS MEDIAS DE COMPRESI\u00d3N GRADUADA<\/strong><\/p>\n<p>[\/et_pb_text][et_pb_text _builder_version=\u00bb4.24.2&#8243; _module_preset=\u00bbdefault\u00bb animation_style=\u00bbslide\u00bb animation_direction=\u00bbleft\u00bb animation_duration=\u00bb2000ms\u00bb global_colors_info=\u00bb{}\u00bb]<\/p>\n<ul>\n<li style=\"text-align: justify;\">Elaborados en Microfibra (composici\u00f3n), material de alta tecnolog\u00eda y de gran durabilidad, hilos que aseguran no perder la forma de las medias, garantizando mayor frescura y propiedades antibacteriales.<\/li>\n<li style=\"text-align: justify;\">Dise\u00f1ado con una construcci\u00f3n anat\u00f3mica avanzada, lo que otorga un efecto preventivo y terap\u00e9utico a quienes las usan.<\/li>\n<li style=\"text-align: justify;\">Compresi\u00f3n graduada el\u00e1stica y c\u00f3nica, lo que favorece el efecto de bombeo y retorno venoso y linf\u00e1tico, sin causar mayor incomodidad a quien las use.<\/li>\n<li style=\"text-align: justify;\">Altamente recomendados por profesionales de la salud.<\/li>\n<li style=\"text-align: justify;\">Son f\u00e1ciles de poner, ultra c\u00f3modos, frescos y suaves al tacto.<\/li>\n<li style=\"text-align: justify;\">Amplia gama de colores, dise\u00f1os y estilos para todos los gustos. Cl\u00e1sicos y modernos.<\/li>\n<li style=\"text-align: justify;\">Colores disponibles para la referencia: Blanco, Piel, Taupe, Caf\u00e9, Gris, Azul, Negro.<\/li>\n<li style=\"text-align: justify;\">Tallas disponibles: 8-10, 9-11, 10-12, 11-13,<\/li>\n<li style=\"text-align: justify;\">Compresi\u00f3n: 15-20<\/li>\n<\/ul>\n<p>[\/et_pb_text][\/et_pb_column][et_pb_column type=\u00bb1_2&#8243; _builder_version=\u00bb4.24.2&#8243; _module_preset=\u00bbdefault\u00bb global_colors_info=\u00bb{}\u00bb][et_pb_image src=\u00bbhttps:\/\/taliboot.com\/web\/wp-content\/uploads\/2024\/03\/BENEFICIOS_900x900.png\u00bb title_text=\u00bbBENEFICIOS_900x900&#8243; _builder_version=\u00bb4.24.2&#8243; _module_preset=\u00bbdefault\u00bb animation_style=\u00bbslide\u00bb animation_direction=\u00bbright\u00bb animation_duration=\u00bb2000ms\u00bb border_radii=\u00bbon|10px|10px|10px|10px\u00bb global_colors_info=\u00bb{}\u00bb][\/et_pb_image][\/et_pb_column][\/et_pb_row][et_pb_row _builder_version=\u00bb4.16&#8243; _module_preset=\u00bbdefault\u00bb animation_style=\u00bbslide\u00bb animation_direction=\u00bbleft\u00bb animation_duration=\u00bb2200ms\u00bb global_colors_info=\u00bb{}\u00bb][et_pb_column type=\u00bb4_4&#8243; _builder_version=\u00bb4.16&#8243; _module_preset=\u00bbdefault\u00bb global_colors_info=\u00bb{}\u00bb][et_pb_slider _builder_version=\u00bb4.24.2&#8243; _module_preset=\u00bbdefault\u00bb height=\u00bb1000px\u00bb auto=\u00bbon\u00bb border_radii=\u00bbon|10px|10px|10px|10px\u00bb global_colors_info=\u00bb{}\u00bb][et_pb_slide _builder_version=\u00bb4.24.2&#8243; _module_preset=\u00bbdefault\u00bb background_enable_color=\u00bboff\u00bb background_image=\u00bbhttps:\/\/taliboot.com\/web\/wp-content\/uploads\/2024\/03\/media_slider_1.jpeg\u00bb background_enable_image=\u00bbon\u00bb global_colors_info=\u00bb{}\u00bb sticky_transition=\u00bbon\u00bb][\/et_pb_slide][et_pb_slide _builder_version=\u00bb4.24.2&#8243; _module_preset=\u00bbdefault\u00bb background_enable_color=\u00bboff\u00bb background_image=\u00bbhttps:\/\/taliboot.com\/web\/wp-content\/uploads\/2024\/03\/media_slider_2.jpeg\u00bb background_enable_image=\u00bbon\u00bb global_colors_info=\u00bb{}\u00bb sticky_transition=\u00bbon\u00bb][\/et_pb_slide][et_pb_slide _builder_version=\u00bb4.24.2&#8243; _module_preset=\u00bbdefault\u00bb background_enable_color=\u00bboff\u00bb background_image=\u00bbhttps:\/\/taliboot.com\/web\/wp-content\/uploads\/2024\/03\/media_slider_3.jpeg\u00bb background_enable_image=\u00bbon\u00bb global_colors_info=\u00bb{}\u00bb sticky_transition=\u00bbon\u00bb][\/et_pb_slide][et_pb_slide _builder_version=\u00bb4.24.2&#8243; _module_preset=\u00bbdefault\u00bb background_enable_color=\u00bboff\u00bb background_image=\u00bbhttps:\/\/taliboot.com\/web\/wp-content\/uploads\/2024\/03\/media_slider_4.jpeg\u00bb background_enable_image=\u00bbon\u00bb global_colors_info=\u00bb{}\u00bb sticky_transition=\u00bbon\u00bb][\/et_pb_slide][\/et_pb_slider][\/et_pb_column][\/et_pb_row][et_pb_row column_structure=\u00bb1_2,1_2&#8243; _builder_version=\u00bb4.24.2&#8243; _module_preset=\u00bbdefault\u00bb animation_style=\u00bbslide\u00bb animation_direction=\u00bbright\u00bb animation_duration=\u00bb2200ms\u00bb global_colors_info=\u00bb{}\u00bb][et_pb_column type=\u00bb1_2&#8243; _builder_version=\u00bb4.16&#8243; _module_preset=\u00bbdefault\u00bb global_colors_info=\u00bb{}\u00bb][et_pb_video src=\u00bbhttps:\/\/taliboot.com\/web\/wp-content\/uploads\/2024\/03\/COMO_COLOCARSE_LAS_MEDIAS_DE_COMPRESION.mp4&#8243; _builder_version=\u00bb4.24.2&#8243; _module_preset=\u00bbdefault\u00bb width=\u00bb80%\u00bb module_alignment=\u00bbcenter\u00bb animation_style=\u00bbslide\u00bb animation_direction=\u00bbleft\u00bb animation_duration=\u00bb2000ms\u00bb border_radii=\u00bbon|10px|10px|10px|10px\u00bb global_colors_info=\u00bb{}\u00bb][\/et_pb_video][\/et_pb_column][et_pb_column type=\u00bb1_2&#8243; _builder_version=\u00bb4.24.2&#8243; _module_preset=\u00bbdefault\u00bb global_colors_info=\u00bb{}\u00bb][et_pb_image src=\u00bbhttps:\/\/taliboot.com\/web\/wp-content\/uploads\/2024\/03\/media_talon.jpeg\u00bb title_text=\u00bbmedia_talon\u00bb align=\u00bbcenter\u00bb _builder_version=\u00bb4.24.2&#8243; _module_preset=\u00bbdefault\u00bb animation_style=\u00bbslide\u00bb animation_direction=\u00bbright\u00bb border_radii=\u00bbon|10px|10px|10px|10px\u00bb global_colors_info=\u00bb{}\u00bb][\/et_pb_image][\/et_pb_column][\/et_pb_row][et_pb_row _builder_version=\u00bb4.25.1&#8243; _module_preset=\u00bbdefault\u00bb background_color=\u00bb#254597&#8243; use_background_color_gradient=\u00bbon\u00bb background_color_gradient_direction=\u00bb90deg\u00bb background_color_gradient_stops=\u00bb#254597 0%|rgba(37,69,151,0.5) 99%\u00bb background_color_gradient_overlays_image=\u00bbon\u00bb background_image=\u00bbhttps:\/\/taliboot.com\/web\/wp-content\/uploads\/2024\/05\/img_recomendaciones_medicas_uso_medias.jpg\u00bb animation_style=\u00bbzoom\u00bb animation_duration=\u00bb2000ms\u00bb border_radii=\u00bbon|10px|10px|10px|10px\u00bb global_colors_info=\u00bb{}\u00bb][et_pb_column type=\u00bb4_4&#8243; _builder_version=\u00bb4.25.1&#8243; _module_preset=\u00bbdefault\u00bb global_colors_info=\u00bb{}\u00bb][et_pb_text _builder_version=\u00bb4.25.1&#8243; _module_preset=\u00bbdefault\u00bb text_text_color=\u00bb#FFFFFF\u00bb text_font_size=\u00bb23px\u00bb background_enable_color=\u00bboff\u00bb animation_direction=\u00bbleft\u00bb locked=\u00bboff\u00bb global_colors_info=\u00bb{}\u00bb]<\/p>\n<p style=\"text-align: center;\"><strong>RECOMENDACIONES M\u00c9DICAS PARA EL USO DE LAS MEDIAS<\/strong><\/p>\n<p>[\/et_pb_text][et_pb_button button_url=\u00bb@ET-DC@eyJkeW5hbWljIjp0cnVlLCJjb250ZW50IjoicG9zdF9saW5rX3VybF9wYWdlIiwic2V0dGluZ3MiOnsicG9zdF9pZCI6IjYzNCJ9fQ==@\u00bb button_text=\u00bbVer recomendaciones\u00bb button_alignment=\u00bbcenter\u00bb _builder_version=\u00bb4.25.1&#8243; _dynamic_attributes=\u00bbbutton_url\u00bb _module_preset=\u00bbdefault\u00bb custom_button=\u00bbon\u00bb button_text_size=\u00bb18px\u00bb button_text_color=\u00bb#FFFFFF\u00bb button_bg_color=\u00bb#254597&#8243; button_border_width=\u00bb2px\u00bb button_border_radius=\u00bb10px\u00bb global_colors_info=\u00bb{}\u00bb][\/et_pb_button][\/et_pb_column][\/et_pb_row][\/et_pb_section]<\/p>\n","protected":false},"excerpt":{"rendered":"<p>MEDIAS DE COMPRESI\u00d3N GRADUADAMEDIAS DE COMPRESI\u00d3N GRADUADA PARA TU D\u00cdA A D\u00cdA EN COLORES VARIOSMedias de compresi\u00f3n graduada ideales para hombres y mujeres con vena v\u00e1rice o con predisposici\u00f3n a ella, deportistas, diab\u00e9ticos, personal de la salud (enfermeros, enfermeras, m\u00e9dicos generales, cirujanos, entre otros), viajeros, y profesionales de otros oficios en los que se requieren [&hellip;]<\/p>\n","protected":false},"author":1,"featured_media":0,"parent":0,"menu_order":0,"comment_status":"closed","ping_status":"closed","template":"","meta":{"_et_pb_use_builder":"on","_et_pb_old_content":"","_et_gb_content_width":"","footnotes":""},"class_list":["post-577","page","type-page","status-publish","hentry"],"yoast_head":"<!-- This site is optimized with the Yoast SEO plugin v22.8 - https:\/\/yoast.com\/wordpress\/plugins\/seo\/ -->\n<title>MEDIAS DE COMPRESI\u00d3N GRADUADA - TALIBOOT<\/title>\n<meta name=\"robots\" content=\"index, follow, max-snippet:-1, max-image-preview:large, max-video-preview:-1\" \/>\n<link rel=\"canonical\" href=\"https:\/\/taliboot.com\/web\/medias-de-compresion-graduada\/\" \/>\n<meta property=\"og:locale\" content=\"es_ES\" \/>\n<meta property=\"og:type\" content=\"article\" \/>\n<meta property=\"og:title\" content=\"MEDIAS DE COMPRESI\u00d3N GRADUADA - TALIBOOT\" \/>\n<meta property=\"og:description\" content=\"MEDIAS DE COMPRESI\u00d3N GRADUADAMEDIAS DE COMPRESI\u00d3N GRADUADA PARA TU D\u00cdA A D\u00cdA EN COLORES VARIOSMedias de compresi\u00f3n graduada ideales para hombres y mujeres con vena v\u00e1rice o con predisposici\u00f3n a ella, deportistas, diab\u00e9ticos, personal de la salud (enfermeros, enfermeras, m\u00e9dicos generales, cirujanos, entre otros), viajeros, y profesionales de otros oficios en los que se requieren [&hellip;]\" \/>\n<meta property=\"og:url\" content=\"https:\/\/taliboot.com\/web\/medias-de-compresion-graduada\/\" \/>\n<meta property=\"og:site_name\" content=\"TALIBOOT\" \/>\n<meta property=\"article:modified_time\" content=\"2024-05-31T00:05:30+00:00\" \/>\n<meta name=\"twitter:card\" content=\"summary_large_image\" \/>\n<script type=\"application\/ld+json\" class=\"yoast-schema-graph\">{\"@context\":\"https:\/\/schema.org\",\"@graph\":[{\"@type\":\"WebPage\",\"@id\":\"https:\/\/taliboot.com\/web\/medias-de-compresion-graduada\/\",\"url\":\"https:\/\/taliboot.com\/web\/medias-de-compresion-graduada\/\",\"name\":\"MEDIAS DE COMPRESI\u00d3N GRADUADA - TALIBOOT\",\"isPartOf\":{\"@id\":\"https:\/\/taliboot.com\/web\/#website\"},\"datePublished\":\"2024-03-25T20:38:45+00:00\",\"dateModified\":\"2024-05-31T00:05:30+00:00\",\"breadcrumb\":{\"@id\":\"https:\/\/taliboot.com\/web\/medias-de-compresion-graduada\/#breadcrumb\"},\"inLanguage\":\"es\",\"potentialAction\":[{\"@type\":\"ReadAction\",\"target\":[\"https:\/\/taliboot.com\/web\/medias-de-compresion-graduada\/\"]}]},{\"@type\":\"BreadcrumbList\",\"@id\":\"https:\/\/taliboot.com\/web\/medias-de-compresion-graduada\/#breadcrumb\",\"itemListElement\":[{\"@type\":\"ListItem\",\"position\":1,\"name\":\"Portada\",\"item\":\"https:\/\/taliboot.com\/web\/\"},{\"@type\":\"ListItem\",\"position\":2,\"name\":\"MEDIAS DE COMPRESI\u00d3N GRADUADA\"}]},{\"@type\":\"WebSite\",\"@id\":\"https:\/\/taliboot.com\/web\/#website\",\"url\":\"https:\/\/taliboot.com\/web\/\",\"name\":\"TALIBOOT\",\"description\":\"Bota para \u00falcera en el tal\u00f3n\",\"potentialAction\":[{\"@type\":\"SearchAction\",\"target\":{\"@type\":\"EntryPoint\",\"urlTemplate\":\"https:\/\/taliboot.com\/web\/?s={search_term_string}\"},\"query-input\":\"required name=search_term_string\"}],\"inLanguage\":\"es\"}]}<\/script>\n<!-- \/ Yoast SEO plugin. -->","yoast_head_json":{"title":"MEDIAS DE COMPRESI\u00d3N GRADUADA - TALIBOOT","robots":{"index":"index","follow":"follow","max-snippet":"max-snippet:-1","max-image-preview":"max-image-preview:large","max-video-preview":"max-video-preview:-1"},"canonical":"https:\/\/taliboot.com\/web\/medias-de-compresion-graduada\/","og_locale":"es_ES","og_type":"article","og_title":"MEDIAS DE COMPRESI\u00d3N GRADUADA - TALIBOOT","og_description":"MEDIAS DE COMPRESI\u00d3N GRADUADAMEDIAS DE COMPRESI\u00d3N GRADUADA PARA TU D\u00cdA A D\u00cdA EN COLORES VARIOSMedias de compresi\u00f3n graduada ideales para hombres y mujeres con vena v\u00e1rice o con predisposici\u00f3n a ella, deportistas, diab\u00e9ticos, personal de la salud (enfermeros, enfermeras, m\u00e9dicos generales, cirujanos, entre otros), viajeros, y profesionales de otros oficios en los que se requieren [&hellip;]","og_url":"https:\/\/taliboot.com\/web\/medias-de-compresion-graduada\/","og_site_name":"TALIBOOT","article_modified_time":"2024-05-31T00:05:30+00:00","twitter_card":"summary_large_image","schema":{"@context":"https:\/\/schema.org","@graph":[{"@type":"WebPage","@id":"https:\/\/taliboot.com\/web\/medias-de-compresion-graduada\/","url":"https:\/\/taliboot.com\/web\/medias-de-compresion-graduada\/","name":"MEDIAS DE COMPRESI\u00d3N GRADUADA - TALIBOOT","isPartOf":{"@id":"https:\/\/taliboot.com\/web\/#website"},"datePublished":"2024-03-25T20:38:45+00:00","dateModified":"2024-05-31T00:05:30+00:00","breadcrumb":{"@id":"https:\/\/taliboot.com\/web\/medias-de-compresion-graduada\/#breadcrumb"},"inLanguage":"es","potentialAction":[{"@type":"ReadAction","target":["https:\/\/taliboot.com\/web\/medias-de-compresion-graduada\/"]}]},{"@type":"BreadcrumbList","@id":"https:\/\/taliboot.com\/web\/medias-de-compresion-graduada\/#breadcrumb","itemListElement":[{"@type":"ListItem","position":1,"name":"Portada","item":"https:\/\/taliboot.com\/web\/"},{"@type":"ListItem","position":2,"name":"MEDIAS DE COMPRESI\u00d3N GRADUADA"}]},{"@type":"WebSite","@id":"https:\/\/taliboot.com\/web\/#website","url":"https:\/\/taliboot.com\/web\/","name":"TALIBOOT","description":"Bota para \u00falcera en el tal\u00f3n","potentialAction":[{"@type":"SearchAction","target":{"@type":"EntryPoint","urlTemplate":"https:\/\/taliboot.com\/web\/?s={search_term_string}"},"query-input":"required name=search_term_string"}],"inLanguage":"es"}]}},"_links":{"self":[{"href":"https:\/\/taliboot.com\/web\/wp-json\/wp\/v2\/pages\/577","targetHints":{"allow":["GET"]}}],"collection":[{"href":"https:\/\/taliboot.com\/web\/wp-json\/wp\/v2\/pages"}],"about":[{"href":"https:\/\/taliboot.com\/web\/wp-json\/wp\/v2\/types\/page"}],"author":[{"embeddable":true,"href":"https:\/\/taliboot.com\/web\/wp-json\/wp\/v2\/users\/1"}],"replies":[{"embeddable":true,"href":"https:\/\/taliboot.com\/web\/wp-json\/wp\/v2\/comments?post=577"}],"version-history":[{"count":37,"href":"https:\/\/taliboot.com\/web\/wp-json\/wp\/v2\/pages\/577\/revisions"}],"predecessor-version":[{"id":674,"href":"https:\/\/taliboot.com\/web\/wp-json\/wp\/v2\/pages\/577\/revisions\/674"}],"wp:attachment":[{"href":"https:\/\/taliboot.com\/web\/wp-json\/wp\/v2\/media?parent=577"}],"curies":[{"name":"wp","href":"https:\/\/api.w.org\/{rel}","templated":true}]}}